{"id":508840,"date":"2025-01-25T00:31:43","date_gmt":"2025-01-24T23:31:43","guid":{"rendered":"https:\/\/shop.kustom.ch\/?post_type=product&#038;p=508840"},"modified":"2026-03-31T12:04:55","modified_gmt":"2026-03-31T11:04:55","slug":"purple-bow-144-regular","status":"publish","type":"product","link":"https:\/\/shop.kustom.ch\/en\/product\/purple-bow-144-regular\/","title":{"rendered":"Purple Bow 144 Regular"},"content":{"rendered":"<p>A lightweight, non-iron shirt with a brushed surface that provides a unique, luxurious and super-soft feel. Thanks to the freefit stretch content, it feels even better. Easy to wear. Chic and casual.<br \/>\n- PURPLE BOW Collection<br \/>\n- 2-colour indigo jacquard pattern<br \/>\n- 100% cotton, 125G\/m\u00b2<br \/>\n- Non-Iron (non-iron) patented environmental treatment<br \/>\n- Suitable for washing machines<br \/>\n- Split back yoke ensures smooth, contoured shoulders and greater freedom of movement<br \/>\n- Taped main seams give the shirt a fresh and exclusive look after every wash. No creases<br \/>\n- Modern cut away collar, concealed button down<br \/>\n- Long sleeve<br \/>\n- Cuffs with extra buttonhole for cufflinks<br \/>\n- High, 4 mm thick knobs<\/p>\n<p>Material: 100% cotton<\/p>","protected":false},"excerpt":{"rendered":"<p>Ein leichtes b\u00fcgelfreies Hemd mit geb\u00fcrsteter Oberfl\u00e4che, das ein einzigartiges, luxuri\u00f6ses und superweiches Tragegef\u00fchl vermittelt. Dank dem Anteil von Freefit Stretch f\u00fchlt es sich noch besser an. Einfach zu tragen. Chic und l\u00e4ssig. \u2022 PURPLE BOW Kollektion \u2022 2-farbiges Indigo Jaquard Muster \u2022 100% Baumwolle, 125G\/m\u00b2 \u2022 Non-Iron (B\u00fcgelfrei) patentierte Umweltbehandlung \u2022 Waschmaschinen geeignet \u2022 [&hellip;]<\/p>\n","protected":false},"featured_media":508883,"template":"","meta":[],"product_brand":[],"product_cat":[9874],"product_tag":[],"class_list":{"0":"post-508840","1":"product","2":"type-product","3":"status-publish","4":"has-post-thumbnail","6":"product_cat-hemden","7":"pa_brand-harvest-frost","8":"pa_brand-type-workwear","9":"pa_filter-color-blau","11":"first","12":"instock","13":"sale","14":"taxable","15":"shipping-taxable","16":"purchasable","17":"product-type-variable","18":"add-to-wishlist-before_image"},"exclude_global_add_ons":[],"addons":[],"acf":[],"_links":{"self":[{"href":"https:\/\/shop.kustom.ch\/en\/wp-json\/wp\/v2\/product\/508840"}],"collection":[{"href":"https:\/\/shop.kustom.ch\/en\/wp-json\/wp\/v2\/product"}],"about":[{"href":"https:\/\/shop.kustom.ch\/en\/wp-json\/wp\/v2\/types\/product"}],"wp:featuredmedia":[{"embeddable":true,"href":"https:\/\/shop.kustom.ch\/en\/wp-json\/wp\/v2\/media\/508883"}],"wp:attachment":[{"href":"https:\/\/shop.kustom.ch\/en\/wp-json\/wp\/v2\/media?parent=508840"}],"wp:term":[{"taxonomy":"product_brand","embeddable":true,"href":"https:\/\/shop.kustom.ch\/en\/wp-json\/wp\/v2\/product_brand?post=508840"},{"taxonomy":"product_cat","embeddable":true,"href":"https:\/\/shop.kustom.ch\/en\/wp-json\/wp\/v2\/product_cat?post=508840"},{"taxonomy":"product_tag","embeddable":true,"href":"https:\/\/shop.kustom.ch\/en\/wp-json\/wp\/v2\/product_tag?post=508840"}],"curies":[{"name":"wp","href":"https:\/\/api.w.org\/{rel}","templated":true}]}}