{"id":508839,"date":"2025-01-25T00:31:43","date_gmt":"2025-01-24T23:31:43","guid":{"rendered":"https:\/\/shop.kustom.ch\/?post_type=product&#038;p=508839"},"modified":"2026-03-31T12:04:54","modified_gmt":"2026-03-31T11:04:54","slug":"purple-bow-143-woman","status":"publish","type":"product","link":"https:\/\/shop.kustom.ch\/en\/product\/purple-bow-143-woman\/","title":{"rendered":"Purple Bow 143 Woman"},"content":{"rendered":"<p>A new discreet yet bold shirt with an indigo paisley pattern. Dress it up boldly with a tie or wear it casually with chino trousers. Either way, you'll feel comfortable and stylish all day long thanks to our prized non-iron and natural stretch quality.<br \/>\nInnovation and intelligence go hand in hand!<br \/>\n- PURPLE BOW Collection<br \/>\n- Fine twill, 2-colour indigo paisley pattern<br \/>\n- 100% cotton, natural stretch, 122G\/m\u00b2<br \/>\n- 2-ply, long-staple, compact cotton<br \/>\n- Non-iron, patented environmental treatment<br \/>\n- Suitable for washing machines<br \/>\n- Split back yoke ensures smooth, contoured shoulders and greater freedom of movement<br \/>\n- Taped main seams give the shirt a fresh and exclusive look after every wash. No creases<br \/>\n- Modern cut away collar, concealed button down<br \/>\n- Long sleeve<br \/>\n- Cuffs with extra buttonhole for cufflinks<br \/>\n- High, 4 mm thick knobs<br \/>\n- Rounded hem<\/p>\n<p>Material: 100% cotton<\/p>","protected":false},"excerpt":{"rendered":"<p>Ein neues diskretes und dennoch kr\u00e4ftiges Hemd mit indigofarbenem Paisleymuster. Ziehen Sie es k\u00fchn mit einer Krawatte an oder tragen Sie es l\u00e4ssig zu einer Chino Hose. So oder so f\u00fchlen Sie sich den ganzen Tag komfortabel und stilsicher dank unserer gesch\u00e4tzten b\u00fcgelfreien und nat\u00fcrlichen Stretch Qualit\u00e4t. Innovation und Intelligenz gehen Hand in Hand! \u2022 [&hellip;]<\/p>\n","protected":false},"featured_media":508874,"template":"","meta":[],"product_brand":[],"product_cat":[9895],"product_tag":[],"class_list":{"0":"post-508839","1":"product","2":"type-product","3":"status-publish","4":"has-post-thumbnail","6":"product_cat-blusen","7":"pa_brand-harvest-frost","8":"pa_brand-type-workwear","9":"pa_filter-color-blau","11":"first","12":"instock","13":"sale","14":"taxable","15":"shipping-taxable","16":"purchasable","17":"product-type-variable","18":"add-to-wishlist-before_image"},"exclude_global_add_ons":[],"addons":[],"acf":[],"_links":{"self":[{"href":"https:\/\/shop.kustom.ch\/en\/wp-json\/wp\/v2\/product\/508839"}],"collection":[{"href":"https:\/\/shop.kustom.ch\/en\/wp-json\/wp\/v2\/product"}],"about":[{"href":"https:\/\/shop.kustom.ch\/en\/wp-json\/wp\/v2\/types\/product"}],"wp:featuredmedia":[{"embeddable":true,"href":"https:\/\/shop.kustom.ch\/en\/wp-json\/wp\/v2\/media\/508874"}],"wp:attachment":[{"href":"https:\/\/shop.kustom.ch\/en\/wp-json\/wp\/v2\/media?parent=508839"}],"wp:term":[{"taxonomy":"product_brand","embeddable":true,"href":"https:\/\/shop.kustom.ch\/en\/wp-json\/wp\/v2\/product_brand?post=508839"},{"taxonomy":"product_cat","embeddable":true,"href":"https:\/\/shop.kustom.ch\/en\/wp-json\/wp\/v2\/product_cat?post=508839"},{"taxonomy":"product_tag","embeddable":true,"href":"https:\/\/shop.kustom.ch\/en\/wp-json\/wp\/v2\/product_tag?post=508839"}],"curies":[{"name":"wp","href":"https:\/\/api.w.org\/{rel}","templated":true}]}}