{"id":508769,"date":"2025-01-25T00:31:25","date_gmt":"2025-01-24T23:31:25","guid":{"rendered":"https:\/\/shop.kustom.ch\/?post_type=product&#038;p=508769"},"modified":"2026-03-31T12:04:50","modified_gmt":"2026-03-31T11:04:50","slug":"purple-bow-142-woman","status":"publish","type":"product","link":"https:\/\/shop.kustom.ch\/en\/product\/purple-bow-142-woman\/","title":{"rendered":"Purple Bow 142 Woman"},"content":{"rendered":"<p>A modern 2-colour shirt made of high-quality Oxford fabric with an incredible stretch cross thread makes this shirt soft, super comfortable and yet non-iron. Perhaps our best invention for a smart casual look. We reckon this will quickly become one of your wardrobe staples.<br \/>\n- PURPLE BOW Collection<br \/>\n- Oxford fabric, 2-coloured<br \/>\n- 96% cotton, 4% Freefit Stretch, 145G\/m\u00b2<br \/>\n- Non-Iron (non-iron) patented environmental treatment<br \/>\n- Suitable for washing machines<br \/>\n- Split back yoke ensures smooth, contoured shoulders and greater freedom of movement<br \/>\n- Taped main seams give the shirt a fresh and exclusive look after every wash. No creases<br \/>\n- Modern cut away collar, concealed button down<br \/>\n- Long sleeve<br \/>\n- Cuffs with extra buttonhole for cufflinks<br \/>\n- High, 4 mm thick knobs<br \/>\n- Rounded hem<\/p>\n<p>Material: 96% COTTON, 4% FREEFIT STRETCH<\/p>","protected":false},"excerpt":{"rendered":"<p>Ein modernes 2 farbiges Hemd aus hochwertigem Oxford Gewebe mit unglaublichem Stretch Querfaden macht dieses Hemd weich, super bequem und dennoch b\u00fcgelfrei. Vielleicht unsere beste Erfindung f\u00fcr einen smarten Casual Look. Wir gehen davon aus, dass dieses Modell schnell zu einem Ihrer wichtigsten Kleidungsst\u00fccke wird. \u2022 PURPLE BOW Kollektion \u2022 Oxford Gewebe, 2-farbig \u2022 96% [&hellip;]<\/p>\n","protected":false},"featured_media":508817,"template":"","meta":[],"product_brand":[],"product_cat":[9895],"product_tag":[],"class_list":{"0":"post-508769","1":"product","2":"type-product","3":"status-publish","4":"has-post-thumbnail","6":"product_cat-blusen","7":"pa_brand-harvest-frost","8":"pa_brand-type-workwear","9":"pa_filter-color-blau","10":"pa_filter-color-grau","11":"pa_filter-color-gruen","12":"pa_filter-color-violet","14":"first","15":"instock","16":"sale","17":"taxable","18":"shipping-taxable","19":"purchasable","20":"product-type-variable","21":"add-to-wishlist-before_image"},"exclude_global_add_ons":[],"addons":[],"acf":[],"_links":{"self":[{"href":"https:\/\/shop.kustom.ch\/en\/wp-json\/wp\/v2\/product\/508769"}],"collection":[{"href":"https:\/\/shop.kustom.ch\/en\/wp-json\/wp\/v2\/product"}],"about":[{"href":"https:\/\/shop.kustom.ch\/en\/wp-json\/wp\/v2\/types\/product"}],"wp:featuredmedia":[{"embeddable":true,"href":"https:\/\/shop.kustom.ch\/en\/wp-json\/wp\/v2\/media\/508817"}],"wp:attachment":[{"href":"https:\/\/shop.kustom.ch\/en\/wp-json\/wp\/v2\/media?parent=508769"}],"wp:term":[{"taxonomy":"product_brand","embeddable":true,"href":"https:\/\/shop.kustom.ch\/en\/wp-json\/wp\/v2\/product_brand?post=508769"},{"taxonomy":"product_cat","embeddable":true,"href":"https:\/\/shop.kustom.ch\/en\/wp-json\/wp\/v2\/product_cat?post=508769"},{"taxonomy":"product_tag","embeddable":true,"href":"https:\/\/shop.kustom.ch\/en\/wp-json\/wp\/v2\/product_tag?post=508769"}],"curies":[{"name":"wp","href":"https:\/\/api.w.org\/{rel}","templated":true}]}}