{"id":508497,"date":"2025-01-25T00:29:54","date_gmt":"2025-01-24T23:29:54","guid":{"rendered":"https:\/\/shop.kustom.ch\/?post_type=product&#038;p=508497"},"modified":"2026-03-31T12:01:00","modified_gmt":"2026-03-31T11:01:00","slug":"merino-u-woman","status":"publish","type":"product","link":"https:\/\/shop.kustom.ch\/en\/product\/merino-u-woman\/","title":{"rendered":"Merino U Woman"},"content":{"rendered":"<p>We've blended extra-fine wool and cotton yarn to create a year-round garment that benefits from two natural fibres. To uphold our responsible work as a brand, we use certified wool and carefully selected long staple US Pima cotton. This way we can ensure high quality, a soft touch and high performance. You can wash the knitted jumper in the washing machine, but bear in mind that it is a merino garment that does not need to be washed as often, but can simply be aired if necessary.<br \/>\nThe yarn is a compact yarn with an extra high twist and has been treated with a super-wash to prevent pilling.<br \/>\n- 70% RWS Merino wool, 30% long-fibre Pima cotton<br \/>\n- Round neckline<br \/>\n- Suitable for washing machines<br \/>\n- Less fluff<\/p>\n<p>Material: 70% certified Merino wool\/ 30% long staple Pima cotton<\/p>","protected":false},"excerpt":{"rendered":"<p>Wir haben extrafeines Woll- und Baumwollgarn gemischt, um ein ganzj\u00e4hriges Kleidungsst\u00fcck zu erhalten, das von zwei nat\u00fcrlichen Fasern profitiert. Um unsere verantwortungsvolle Arbeit als Marke aufrechtzuerhalten, verwenden wir zertifizierte Wolle und sorgf\u00e4ltig ausgew\u00e4hlte langstapelige US-Pima Baumwolle. Auf diese Weise k\u00f6nnen wir eine hohe Qualit\u00e4t, einen weichen Griff und hohe Leistung sicherstellen. Sie k\u00f6nnen den Strickpulli [&hellip;]<\/p>\n","protected":false},"featured_media":508541,"template":"","meta":[],"product_brand":[],"product_cat":[4191],"product_tag":[],"class_list":{"0":"post-508497","1":"product","2":"type-product","3":"status-publish","4":"has-post-thumbnail","6":"product_cat-longsleeves-sweatshirts","7":"pa_brand-harvest-frost","8":"pa_brand-type-workwear","9":"pa_filter-color-blau","10":"pa_filter-color-grau","11":"pa_filter-color-schwarz","13":"first","14":"instock","15":"sale","16":"taxable","17":"shipping-taxable","18":"purchasable","19":"product-type-variable","20":"add-to-wishlist-before_image"},"exclude_global_add_ons":[],"addons":[],"acf":[],"_links":{"self":[{"href":"https:\/\/shop.kustom.ch\/en\/wp-json\/wp\/v2\/product\/508497"}],"collection":[{"href":"https:\/\/shop.kustom.ch\/en\/wp-json\/wp\/v2\/product"}],"about":[{"href":"https:\/\/shop.kustom.ch\/en\/wp-json\/wp\/v2\/types\/product"}],"wp:featuredmedia":[{"embeddable":true,"href":"https:\/\/shop.kustom.ch\/en\/wp-json\/wp\/v2\/media\/508541"}],"wp:attachment":[{"href":"https:\/\/shop.kustom.ch\/en\/wp-json\/wp\/v2\/media?parent=508497"}],"wp:term":[{"taxonomy":"product_brand","embeddable":true,"href":"https:\/\/shop.kustom.ch\/en\/wp-json\/wp\/v2\/product_brand?post=508497"},{"taxonomy":"product_cat","embeddable":true,"href":"https:\/\/shop.kustom.ch\/en\/wp-json\/wp\/v2\/product_cat?post=508497"},{"taxonomy":"product_tag","embeddable":true,"href":"https:\/\/shop.kustom.ch\/en\/wp-json\/wp\/v2\/product_tag?post=508497"}],"curies":[{"name":"wp","href":"https:\/\/api.w.org\/{rel}","templated":true}]}}