{"id":508427,"date":"2025-01-25T00:29:34","date_gmt":"2025-01-24T23:29:34","guid":{"rendered":"https:\/\/shop.kustom.ch\/?post_type=product&#038;p=508427"},"modified":"2026-03-31T12:05:44","modified_gmt":"2026-03-31T11:05:44","slug":"indigo-bow-34-woman","status":"publish","type":"product","link":"https:\/\/shop.kustom.ch\/en\/product\/indigo-bow-34-woman\/","title":{"rendered":"Indigo Bow 34 Woman"},"content":{"rendered":"<p>It looks like a classic woven business shirt, but is actually a knitted shirt. The best of both worlds combined. A beautiful and comfortable business shirt that feels like a T-shirt. This is achieved by using high-end Double 60 compact yarn and a soft treatment, giving the shirt a luxurious look and a silky touch. The use of high-quality knitting yarn gives you a natural non-iron finish. Simply wash, dry and wear.<br \/>\n- INDIGO BOW Collection<br \/>\n- Knitted fabric, stretch 360\u00b0<br \/>\n- 100% cotton, 160g\/m2<br \/>\n- Suitable for washing machines<br \/>\n- Split back yoke ensures smooth, contoured shoulders and greater freedom of movement<br \/>\n- Modern cut away collar, concealed button down<br \/>\n- Long sleeve<br \/>\n- Cuff with extra buttonhole for cufflinks<br \/>\n- Imitation mother-of-pearl buttons, 2.5 mm thick<br \/>\n- Rounded hem<\/p>\n<p>Material: 100 % compact cotton<\/p>","protected":false},"excerpt":{"rendered":"<p>Es sieht aus wie ein klassisches gewebtes Businesshemd, ist aber tats\u00e4chlich ein Strickhemd. Das Beste aus zwei Welten kombiniert. Ein sch\u00f6nes und bequemes Businesshemd, das sich anf\u00fchlt wie ein T-Shirt. Dies wird durch die Verwendung von High End Double 60 Kompaktgarn und einer weichen Behandlung erreicht und gibt dem Hemd einen luxuri\u00f6sen Look und eine [&hellip;]<\/p>\n","protected":false},"featured_media":508446,"template":"","meta":[],"product_brand":[],"product_cat":[9895],"product_tag":[],"class_list":{"0":"post-508427","1":"product","2":"type-product","3":"status-publish","4":"has-post-thumbnail","6":"product_cat-blusen","7":"pa_brand-harvest-frost","8":"pa_brand-type-workwear","9":"pa_filter-color-blau","10":"pa_filter-color-weiss","12":"first","13":"instock","14":"sale","15":"taxable","16":"shipping-taxable","17":"purchasable","18":"product-type-variable","19":"add-to-wishlist-before_image"},"exclude_global_add_ons":[],"addons":[],"acf":[],"_links":{"self":[{"href":"https:\/\/shop.kustom.ch\/en\/wp-json\/wp\/v2\/product\/508427"}],"collection":[{"href":"https:\/\/shop.kustom.ch\/en\/wp-json\/wp\/v2\/product"}],"about":[{"href":"https:\/\/shop.kustom.ch\/en\/wp-json\/wp\/v2\/types\/product"}],"wp:featuredmedia":[{"embeddable":true,"href":"https:\/\/shop.kustom.ch\/en\/wp-json\/wp\/v2\/media\/508446"}],"wp:attachment":[{"href":"https:\/\/shop.kustom.ch\/en\/wp-json\/wp\/v2\/media?parent=508427"}],"wp:term":[{"taxonomy":"product_brand","embeddable":true,"href":"https:\/\/shop.kustom.ch\/en\/wp-json\/wp\/v2\/product_brand?post=508427"},{"taxonomy":"product_cat","embeddable":true,"href":"https:\/\/shop.kustom.ch\/en\/wp-json\/wp\/v2\/product_cat?post=508427"},{"taxonomy":"product_tag","embeddable":true,"href":"https:\/\/shop.kustom.ch\/en\/wp-json\/wp\/v2\/product_tag?post=508427"}],"curies":[{"name":"wp","href":"https:\/\/api.w.org\/{rel}","templated":true}]}}