{"id":507949,"date":"2025-01-25T00:27:07","date_gmt":"2025-01-24T23:27:07","guid":{"rendered":"https:\/\/shop.kustom.ch\/?post_type=product&#038;p=507949"},"modified":"2026-03-31T12:03:24","modified_gmt":"2026-03-31T11:03:24","slug":"indigo-bow-132-s-s-regular","status":"publish","type":"product","link":"https:\/\/shop.kustom.ch\/en\/product\/indigo-bow-132-s-s-regular\/","title":{"rendered":"Indigo Bow 132 S\/S Regular"},"content":{"rendered":"<p>Short-sleeved Oxford shirt made from interlock knit. It has a soft, modern, concealed button-down collar, side slits and turn-up sleeves. A comfortable, easy-care, modern business classic with natural stretch performance and subtle tone-on-tone detailing.<\/p>\n<p>Material: 71% long-staple cotton, 29% recycled polyester<\/p>","protected":false},"excerpt":{"rendered":"<p>Kurz\u00e4rmeliges Oxfordhemd aus Interlock-Strick. Es hat einen weichen, modernen, verdeckten Button Down Kragen, seitliche Schlitze und hochklappbare \u00c4rmel. Ein bequemer, pflegeleichter, moderner Gesch\u00e4ftsklassiker mit nat\u00fcrlicher Stretch-Performance und dezenten Ton-in-Ton-Details. Material: 71% Langstapelige Baumwolle, 29% Recycling-Polyester<\/p>","protected":false},"featured_media":508005,"template":"","meta":[],"product_brand":[],"product_cat":[9874],"product_tag":[],"class_list":{"0":"post-507949","1":"product","2":"type-product","3":"status-publish","4":"has-post-thumbnail","6":"product_cat-hemden","7":"pa_brand-harvest-frost","8":"pa_brand-type-workwear","9":"pa_filter-color-blau","10":"pa_filter-color-schwarz","11":"pa_filter-color-weiss","13":"first","14":"instock","15":"sale","16":"taxable","17":"shipping-taxable","18":"purchasable","19":"product-type-variable","20":"add-to-wishlist-before_image"},"exclude_global_add_ons":[],"addons":[],"acf":[],"_links":{"self":[{"href":"https:\/\/shop.kustom.ch\/en\/wp-json\/wp\/v2\/product\/507949"}],"collection":[{"href":"https:\/\/shop.kustom.ch\/en\/wp-json\/wp\/v2\/product"}],"about":[{"href":"https:\/\/shop.kustom.ch\/en\/wp-json\/wp\/v2\/types\/product"}],"wp:featuredmedia":[{"embeddable":true,"href":"https:\/\/shop.kustom.ch\/en\/wp-json\/wp\/v2\/media\/508005"}],"wp:attachment":[{"href":"https:\/\/shop.kustom.ch\/en\/wp-json\/wp\/v2\/media?parent=507949"}],"wp:term":[{"taxonomy":"product_brand","embeddable":true,"href":"https:\/\/shop.kustom.ch\/en\/wp-json\/wp\/v2\/product_brand?post=507949"},{"taxonomy":"product_cat","embeddable":true,"href":"https:\/\/shop.kustom.ch\/en\/wp-json\/wp\/v2\/product_cat?post=507949"},{"taxonomy":"product_tag","embeddable":true,"href":"https:\/\/shop.kustom.ch\/en\/wp-json\/wp\/v2\/product_tag?post=507949"}],"curies":[{"name":"wp","href":"https:\/\/api.w.org\/{rel}","templated":true}]}}