{"id":507650,"date":"2025-01-25T00:25:15","date_gmt":"2025-01-24T23:25:15","guid":{"rendered":"https:\/\/shop.kustom.ch\/?post_type=product&#038;p=507650"},"modified":"2026-03-31T12:05:25","modified_gmt":"2026-03-31T11:05:25","slug":"green-bow-01-lady","status":"publish","type":"product","link":"https:\/\/shop.kustom.ch\/en\/product\/green-bow-01-lady\/","title":{"rendered":"Green Bow 01 lady"},"content":{"rendered":"<p>Nothing can replace a classic shirt in its purest form. Our elaborately realised details make this garment something very special. The shirt is made from high-quality twill fabric, which makes it pleasantly soft to wear and the colours stand out even more.<br \/>\n- GREEN BOW Collection<br \/>\n- Finest twill, classic colours<br \/>\n- 100% cotton, 124 g\/m2<br \/>\n- Non-Iron (non-iron)<br \/>\n- Suitable for washing machines<br \/>\n- Split back yoke ensures smooth, contoured shoulders and greater freedom of movement<br \/>\n- Taped main seams give the shirt a fresh and exclusive look after every wash. No creases<br \/>\n- Semi cut away collar<br \/>\n- Long sleeve<br \/>\n- Cuffs with extra buttonhole for cufflinks<br \/>\n- High, 4 mm thick knobs<\/p>\n<p>Material: 100% cotton<\/p>","protected":false},"excerpt":{"rendered":"<p>Ein klassisches Hemd in seiner reinsten Form kann durch nichts ersetzt werden. Unsere aufwendig umgesetzten Details lassen dieses Kleidungsst\u00fcck zu etwas ganz Besonderem werden. Das Hemd ist aus hochwertigem Twill Gewebe, wodurch sich das Tragegef\u00fchl angenehm weich anf\u00fchlt und die Farben noch mehr zur Wirkung zeigen. \u2022 GREEN BOW Kollektion \u2022 Feinster Twill, klassische Farben [&hellip;]<\/p>\n","protected":false},"featured_media":507668,"template":"","meta":[],"product_brand":[],"product_cat":[9895],"product_tag":[],"class_list":{"0":"post-507650","1":"product","2":"type-product","3":"status-publish","4":"has-post-thumbnail","6":"product_cat-blusen","7":"pa_brand-harvest-frost","8":"pa_brand-type-workwear","9":"pa_filter-color-blau","10":"pa_filter-color-grau","11":"pa_filter-color-schwarz","12":"pa_filter-color-weiss","14":"first","15":"instock","16":"sale","17":"taxable","18":"shipping-taxable","19":"purchasable","20":"product-type-variable","21":"add-to-wishlist-before_image"},"exclude_global_add_ons":[],"addons":[],"acf":[],"_links":{"self":[{"href":"https:\/\/shop.kustom.ch\/en\/wp-json\/wp\/v2\/product\/507650"}],"collection":[{"href":"https:\/\/shop.kustom.ch\/en\/wp-json\/wp\/v2\/product"}],"about":[{"href":"https:\/\/shop.kustom.ch\/en\/wp-json\/wp\/v2\/types\/product"}],"wp:featuredmedia":[{"embeddable":true,"href":"https:\/\/shop.kustom.ch\/en\/wp-json\/wp\/v2\/media\/507668"}],"wp:attachment":[{"href":"https:\/\/shop.kustom.ch\/en\/wp-json\/wp\/v2\/media?parent=507650"}],"wp:term":[{"taxonomy":"product_brand","embeddable":true,"href":"https:\/\/shop.kustom.ch\/en\/wp-json\/wp\/v2\/product_brand?post=507650"},{"taxonomy":"product_cat","embeddable":true,"href":"https:\/\/shop.kustom.ch\/en\/wp-json\/wp\/v2\/product_cat?post=507650"},{"taxonomy":"product_tag","embeddable":true,"href":"https:\/\/shop.kustom.ch\/en\/wp-json\/wp\/v2\/product_tag?post=507650"}],"curies":[{"name":"wp","href":"https:\/\/api.w.org\/{rel}","templated":true}]}}