{"id":507582,"date":"2025-01-25T00:24:47","date_gmt":"2025-01-24T23:24:47","guid":{"rendered":"https:\/\/shop.kustom.ch\/?post_type=product&#038;p=507582"},"modified":"2026-03-31T12:01:30","modified_gmt":"2026-03-31T11:01:30","slug":"club-blazer-30-woman","status":"publish","type":"product","link":"https:\/\/shop.kustom.ch\/en\/product\/club-blazer-30-woman\/","title":{"rendered":"Club Blazer 30 Woman"},"content":{"rendered":"<p>Our modern club blazer with stretch function has super-soft shoulders, a tailored waist and a half-lined butterfly interior. It features a generous lapel, side patch pockets, a welt pocket on the chest and double vents on the back hem. The fabric construction gives a rugged look for a less formal yet elegant mood. Wear the Club Blazer with your favourite jeans or pair it with our grey classic trousers for a modern, sporty casual look.<br \/>\n- 70% wool, 20% polyester, 10% PTT stretch, 400 g\/m\u00b2<br \/>\n- 8 cm notched lapel<br \/>\n- 2-button fastener<br \/>\n- Double slit on the back hem of the men's model<br \/>\n- Chest pocket and 2 patch side pockets<br \/>\n- Sleeves with four overlapping buttons<br \/>\n- Fit between slim and regular<br \/>\n- Half-lined in butterfly style, robust material in the body area<br \/>\n- Patterned lining on the inside of the sleeves, treated with an antibacterial finish<br \/>\n- 3 inside pockets<\/p>\n<p>Material: 70% WOOL, 20% polyester, 10% PTT STRETCH<\/p>","protected":false},"excerpt":{"rendered":"<p>Unser moderner Club Blazer mit Stretch Funktion hat superweiche Schultern, eine massgeschneiderte Taille und ein halbgef\u00fcttertes Butterfly Interieur. Er verf\u00fcgt \u00fcber ein grossz\u00fcgiges Revers, aufgesetzte Seitentaschen, eine Leistentasche auf der Brust und doppelte Bel\u00fcftungsschlitze am R\u00fcckensaum. Die Stoffkonstruktion vermittelt einen robusten Look f\u00fcr eine weniger formelle und dennoch elegante Stimmung. Tragen Sie den Club Blazer [&hellip;]<\/p>\n","protected":false},"featured_media":507599,"template":"","meta":[],"product_brand":[],"product_cat":[4186],"product_tag":[],"class_list":{"0":"post-507582","1":"product","2":"type-product","3":"status-publish","4":"has-post-thumbnail","6":"product_cat-jacken","7":"pa_brand-harvest-frost","8":"pa_brand-type-workwear","9":"pa_filter-color-blau","10":"pa_filter-color-braun","11":"pa_filter-color-grau","13":"first","14":"instock","15":"sale","16":"taxable","17":"shipping-taxable","18":"purchasable","19":"product-type-variable","20":"add-to-wishlist-before_image"},"exclude_global_add_ons":[],"addons":[],"acf":[],"_links":{"self":[{"href":"https:\/\/shop.kustom.ch\/en\/wp-json\/wp\/v2\/product\/507582"}],"collection":[{"href":"https:\/\/shop.kustom.ch\/en\/wp-json\/wp\/v2\/product"}],"about":[{"href":"https:\/\/shop.kustom.ch\/en\/wp-json\/wp\/v2\/types\/product"}],"wp:featuredmedia":[{"embeddable":true,"href":"https:\/\/shop.kustom.ch\/en\/wp-json\/wp\/v2\/media\/507599"}],"wp:attachment":[{"href":"https:\/\/shop.kustom.ch\/en\/wp-json\/wp\/v2\/media?parent=507582"}],"wp:term":[{"taxonomy":"product_brand","embeddable":true,"href":"https:\/\/shop.kustom.ch\/en\/wp-json\/wp\/v2\/product_brand?post=507582"},{"taxonomy":"product_cat","embeddable":true,"href":"https:\/\/shop.kustom.ch\/en\/wp-json\/wp\/v2\/product_cat?post=507582"},{"taxonomy":"product_tag","embeddable":true,"href":"https:\/\/shop.kustom.ch\/en\/wp-json\/wp\/v2\/product_tag?post=507582"}],"curies":[{"name":"wp","href":"https:\/\/api.w.org\/{rel}","templated":true}]}}