{"id":507516,"date":"2025-01-25T00:24:29","date_gmt":"2025-01-24T23:24:29","guid":{"rendered":"https:\/\/shop.kustom.ch\/produkt\/classic-trouser-man\/"},"modified":"2026-03-31T12:03:50","modified_gmt":"2026-03-31T11:03:50","slug":"classic-trouser-man","status":"publish","type":"product","link":"https:\/\/shop.kustom.ch\/en\/product\/classic-trouser-man\/","title":{"rendered":"Classic Trouser Man"},"content":{"rendered":"<p>As comfortable as it gets. These stylish trousers with a flat front, slim cut and water-repellent 4-way stretch offer freedom of movement at all times.<br \/>\nEven changes in the weather don't affect these trousers. When it rains, drops simply roll off the surface of your trousers thanks to an innovative finish. Particularly stressed areas of the trousers have been treated with an innovative and patented Supercrease treatment.<br \/>\nSoft inner waistband made from the main material for greater comfort of movement. Lined to the knee with soft viscose.<br \/>\nCombine these trousers with our classic blazer for a complete look or with a stylish shirt for an elegant office look.<br \/>\n- High-performance 4-way stretch fabric. Breathable<br \/>\n- 260 g\/m\u00b2. Environmentally friendly, water-repellent finish<br \/>\n- Main fabric: 86% cotton, 8.5% polyester, 5% Lycra, 0.5% antistatic agent<br \/>\n- Regular fit, straight cut<br \/>\n- Flat front<br \/>\n- Pocket on the back, side pocket with AMF seams<br \/>\n- YKK zip with hook<br \/>\n- Externally visible waistband extension<br \/>\n- Lined to the knee, 55% polyester, 45% viscose<\/p>\n<p>Material: 86% wool, 8.5% polyester, 5% Lycra, 0.5% antistatic<\/p>","protected":false},"excerpt":{"rendered":"<p>So bequem wie es nur geht. Diese stilvolle Hose mit flacher Vorderseite, schlankem Schnitt und aus wasserabweisendem 4 Wege Stretch bietet Bewegungsfreiheit in jedem Moment. Auch Wetterver\u00e4nderung l\u00e4sst dieser Hose nichts anhaben. Bei Regen perlen die Tropfen ganz einfach durch ein innovatives Finish von der Oberfl\u00e4che Ihrer Hose ab. Besonders beanspruchte Stellen an der Hose [&hellip;]<\/p>\n","protected":false},"featured_media":507515,"template":"","meta":[],"product_brand":[],"product_cat":[4185],"product_tag":[],"class_list":{"0":"post-507516","1":"product","2":"type-product","3":"status-publish","4":"has-post-thumbnail","6":"product_cat-hosen","7":"pa_brand-harvest-frost","8":"pa_brand-type-workwear","9":"pa_filter-color-blau","10":"pa_filter-color-grau","11":"pa_filter-color-schwarz","13":"first","14":"instock","15":"sale","16":"taxable","17":"shipping-taxable","18":"purchasable","19":"product-type-variable","20":"add-to-wishlist-before_image"},"exclude_global_add_ons":[],"addons":[],"acf":[],"_links":{"self":[{"href":"https:\/\/shop.kustom.ch\/en\/wp-json\/wp\/v2\/product\/507516"}],"collection":[{"href":"https:\/\/shop.kustom.ch\/en\/wp-json\/wp\/v2\/product"}],"about":[{"href":"https:\/\/shop.kustom.ch\/en\/wp-json\/wp\/v2\/types\/product"}],"wp:featuredmedia":[{"embeddable":true,"href":"https:\/\/shop.kustom.ch\/en\/wp-json\/wp\/v2\/media\/507515"}],"wp:attachment":[{"href":"https:\/\/shop.kustom.ch\/en\/wp-json\/wp\/v2\/media?parent=507516"}],"wp:term":[{"taxonomy":"product_brand","embeddable":true,"href":"https:\/\/shop.kustom.ch\/en\/wp-json\/wp\/v2\/product_brand?post=507516"},{"taxonomy":"product_cat","embeddable":true,"href":"https:\/\/shop.kustom.ch\/en\/wp-json\/wp\/v2\/product_cat?post=507516"},{"taxonomy":"product_tag","embeddable":true,"href":"https:\/\/shop.kustom.ch\/en\/wp-json\/wp\/v2\/product_tag?post=507516"}],"curies":[{"name":"wp","href":"https:\/\/api.w.org\/{rel}","templated":true}]}}