{"id":507450,"date":"2025-01-25T00:24:18","date_gmt":"2025-01-24T23:24:18","guid":{"rendered":"https:\/\/shop.kustom.ch\/?post_type=product&#038;p=507450"},"modified":"2026-03-31T12:01:04","modified_gmt":"2026-03-31T11:01:04","slug":"classic-blazer-20-woman","status":"publish","type":"product","link":"https:\/\/shop.kustom.ch\/en\/product\/classic-blazer-20-woman\/","title":{"rendered":"Classic Blazer 20 Woman"},"content":{"rendered":"<p>The new blazer has been completely redesigned and, with its comfortable 4-way stretch fabric, offers new freedom of movement at every moment.<br \/>\nEven bad weather doesn't affect it. When it rains, the drops simply roll off the surface of your blazer thanks to an innovative finish.<br \/>\nSlightly rounded shoulders and AMF seams give the blazer a stylish, relaxed yet elegant and formal look. Perfect for any occasion.<br \/>\nOn the inside, the blazer has a soft viscose lining in an elegant colour combination. In addition, the sleeve lining has been treated with an antibacterial finish to prevent unwanted odours during a hard day's work.<br \/>\n- High-performance 4-way stretch fabric. Breathable<br \/>\n- 260 g\/m\u00b2. Environmentally friendly, water-repellent finish<br \/>\n- Outer: 86% cotton, 8.5% polyester, 5% lycra, 0.5% antistatic agent. Viscose inner lining<br \/>\n- 2-button fastener<br \/>\n- Double slit on the back hem of the men's model, no slit on the women's model<br \/>\n- Chest pocket and two additional pockets<br \/>\n- 4 inside pockets<br \/>\n- Sleeves with four overlapping buttons<br \/>\n- Fit between slim and regular<br \/>\n- Fully lined. Robust material on the body, patterned lining on the inside of the sleeves, treated with an antibacterial finish<\/p>\n<p>Material: 86% wool, 8.5% polyester, 5% Lycra, 0.5% antistatic<\/p>","protected":false},"excerpt":{"rendered":"<p>Der neue Blazer ist komplett \u00fcberarbeitet worden und bietet mit dem komfortablen 4 Wege Stretch Gewebe eine neue Bewegungsfreiheit in jedem Moment. Auch schlechtes Wetter l\u00e4sst ihm nichts anhaben. Bei Regen perlen die Tropfen ganz einfach durch ein innovatives Finish von der Oberfl\u00e4che Ihres Blazers ab. Leicht abgerundete Schultern und AMF N\u00e4hte verleihen dem Blazer [&hellip;]<\/p>\n","protected":false},"featured_media":507475,"template":"","meta":[],"product_brand":[],"product_cat":[4186],"product_tag":[],"class_list":{"0":"post-507450","1":"product","2":"type-product","3":"status-publish","4":"has-post-thumbnail","6":"product_cat-jacken","7":"pa_brand-harvest-frost","8":"pa_brand-type-workwear","9":"pa_filter-color-blau","10":"pa_filter-color-grau","11":"pa_filter-color-schwarz","13":"first","14":"instock","15":"sale","16":"taxable","17":"shipping-taxable","18":"purchasable","19":"product-type-variable","20":"add-to-wishlist-before_image"},"exclude_global_add_ons":[],"addons":[],"acf":[],"_links":{"self":[{"href":"https:\/\/shop.kustom.ch\/en\/wp-json\/wp\/v2\/product\/507450"}],"collection":[{"href":"https:\/\/shop.kustom.ch\/en\/wp-json\/wp\/v2\/product"}],"about":[{"href":"https:\/\/shop.kustom.ch\/en\/wp-json\/wp\/v2\/types\/product"}],"wp:featuredmedia":[{"embeddable":true,"href":"https:\/\/shop.kustom.ch\/en\/wp-json\/wp\/v2\/media\/507475"}],"wp:attachment":[{"href":"https:\/\/shop.kustom.ch\/en\/wp-json\/wp\/v2\/media?parent=507450"}],"wp:term":[{"taxonomy":"product_brand","embeddable":true,"href":"https:\/\/shop.kustom.ch\/en\/wp-json\/wp\/v2\/product_brand?post=507450"},{"taxonomy":"product_cat","embeddable":true,"href":"https:\/\/shop.kustom.ch\/en\/wp-json\/wp\/v2\/product_cat?post=507450"},{"taxonomy":"product_tag","embeddable":true,"href":"https:\/\/shop.kustom.ch\/en\/wp-json\/wp\/v2\/product_tag?post=507450"}],"curies":[{"name":"wp","href":"https:\/\/api.w.org\/{rel}","templated":true}]}}