{"id":506325,"date":"2025-01-25T00:13:30","date_gmt":"2025-01-24T23:13:30","guid":{"rendered":"https:\/\/shop.kustom.ch\/?post_type=product&#038;p=506325"},"modified":"2025-03-21T11:04:54","modified_gmt":"2025-03-21T10:04:54","slug":"redwood","status":"publish","type":"product","link":"https:\/\/shop.kustom.ch\/en\/product\/redwood\/","title":{"rendered":"REDWOOD"},"content":{"rendered":"<p>Bag made from high-quality microfibre. Inside with mobile phone, writing instrument and business card compartments. Flap for attaching to the back of a trolley.<\/p>\n<p>Material: 75D with PVC coated back. Lining: 75D polyester<\/p>","protected":false},"excerpt":{"rendered":"<p>Tasche aus hochwertiger Mikrofaser-Qualit\u00e4t. Innen mit Mobiltelefon-, Schreibger\u00e4te- und Visitenkarten-F\u00e4chern. Lasche zur Fixierung auf einer Trolleyr\u00fcckseite. Material: 75D mit PVC beschichteter R\u00fcckseite. Futter: 75D Polyester<\/p>","protected":false},"featured_media":506337,"template":"","meta":[],"product_brand":[],"product_cat":[4195,4209],"product_tag":[],"class_list":{"0":"post-506325","1":"product","2":"type-product","3":"status-publish","4":"has-post-thumbnail","6":"product_cat-rucksaecke-taschen","7":"product_cat-zubehoer","8":"pa_brand-harvest","9":"pa_brand-type-sportswear","10":"pa_filter-color-schwarz","12":"first","13":"instock","14":"sale","15":"taxable","16":"shipping-taxable","17":"purchasable","18":"product-type-variable","19":"add-to-wishlist-before_image"},"exclude_global_add_ons":[],"addons":[],"acf":[],"_links":{"self":[{"href":"https:\/\/shop.kustom.ch\/en\/wp-json\/wp\/v2\/product\/506325"}],"collection":[{"href":"https:\/\/shop.kustom.ch\/en\/wp-json\/wp\/v2\/product"}],"about":[{"href":"https:\/\/shop.kustom.ch\/en\/wp-json\/wp\/v2\/types\/product"}],"wp:featuredmedia":[{"embeddable":true,"href":"https:\/\/shop.kustom.ch\/en\/wp-json\/wp\/v2\/media\/506337"}],"wp:attachment":[{"href":"https:\/\/shop.kustom.ch\/en\/wp-json\/wp\/v2\/media?parent=506325"}],"wp:term":[{"taxonomy":"product_brand","embeddable":true,"href":"https:\/\/shop.kustom.ch\/en\/wp-json\/wp\/v2\/product_brand?post=506325"},{"taxonomy":"product_cat","embeddable":true,"href":"https:\/\/shop.kustom.ch\/en\/wp-json\/wp\/v2\/product_cat?post=506325"},{"taxonomy":"product_tag","embeddable":true,"href":"https:\/\/shop.kustom.ch\/en\/wp-json\/wp\/v2\/product_tag?post=506325"}],"curies":[{"name":"wp","href":"https:\/\/api.w.org\/{rel}","templated":true}]}}