{"id":505600,"date":"2025-01-25T00:10:27","date_gmt":"2025-01-24T23:10:27","guid":{"rendered":"https:\/\/shop.kustom.ch\/?post_type=product&#038;p=505600"},"modified":"2026-03-31T10:37:41","modified_gmt":"2026-03-31T09:37:41","slug":"nordmont-woman","status":"publish","type":"product","link":"https:\/\/shop.kustom.ch\/en\/product\/nordmont-woman\/","title":{"rendered":"Nordmont Woman"},"content":{"rendered":"<p>Longer padded coat with two-way zip. Detachable hood with adjustable drawstring. Ribbed cuffs at the collar and sleeves. Two side pockets with zip. Inner breast pocket with zip. Soft knitted fabric in the side pockets. Packed in a bio-based, compostable polybag.<\/p>\n<p>Material: outer material: 100% recycled polyester, 67 g\/m\u00b2; padding: 100 % recycled polyester, 160 g\/m\u00b2 in the body, 140 g\/m\u00b2 in the sleeves; lining: 100% recycled polyester, 35 g\/m\u00b2<\/p>","protected":false},"excerpt":{"rendered":"<p>L\u00e4ngerer wattierter Mantel mit Zweiwege-Reiverschluss. Abnehmbare Kapuze mit Kordelzug verstellbar. Rippenb\u00fcndchen am Kragen an der \u00c4rmeln. Zwei Seitentaschen mit Reissverschluss. Innere Brusttasche mit Reissverschluss. Weicher gestrickter Stoff in den Seitentaschen. Verpackt in einer biobasierten, kompostierbaren Polybag. Material: Obermaterial: 100% Recycling-Polyester, 67 g\/m\u00b2; Wattierung: 100 % Recycling-Polyester, 160 g\/m\u00b2 im K\u00f6rper, 140 g\/m\u00b2 in den \u00c4rmeln; [&hellip;]<\/p>\n","protected":false},"featured_media":505621,"template":"","meta":[],"product_brand":[],"product_cat":[4186],"product_tag":[],"class_list":{"0":"post-505600","1":"product","2":"type-product","3":"status-publish","4":"has-post-thumbnail","6":"product_cat-jacken","7":"pa_brand-harvest","8":"pa_brand-type-sportswear","9":"pa_filter-color-blau","10":"pa_filter-color-schwarz","12":"first","13":"instock","14":"sale","15":"taxable","16":"shipping-taxable","17":"purchasable","18":"product-type-variable","19":"add-to-wishlist-before_image"},"exclude_global_add_ons":[],"addons":[],"acf":[],"_links":{"self":[{"href":"https:\/\/shop.kustom.ch\/en\/wp-json\/wp\/v2\/product\/505600"}],"collection":[{"href":"https:\/\/shop.kustom.ch\/en\/wp-json\/wp\/v2\/product"}],"about":[{"href":"https:\/\/shop.kustom.ch\/en\/wp-json\/wp\/v2\/types\/product"}],"wp:featuredmedia":[{"embeddable":true,"href":"https:\/\/shop.kustom.ch\/en\/wp-json\/wp\/v2\/media\/505621"}],"wp:attachment":[{"href":"https:\/\/shop.kustom.ch\/en\/wp-json\/wp\/v2\/media?parent=505600"}],"wp:term":[{"taxonomy":"product_brand","embeddable":true,"href":"https:\/\/shop.kustom.ch\/en\/wp-json\/wp\/v2\/product_brand?post=505600"},{"taxonomy":"product_cat","embeddable":true,"href":"https:\/\/shop.kustom.ch\/en\/wp-json\/wp\/v2\/product_cat?post=505600"},{"taxonomy":"product_tag","embeddable":true,"href":"https:\/\/shop.kustom.ch\/en\/wp-json\/wp\/v2\/product_tag?post=505600"}],"curies":[{"name":"wp","href":"https:\/\/api.w.org\/{rel}","templated":true}]}}