{"id":505390,"date":"2025-01-25T00:09:31","date_gmt":"2025-01-24T23:09:31","guid":{"rendered":"https:\/\/shop.kustom.ch\/?post_type=product&#038;p=505390"},"modified":"2026-03-31T10:48:46","modified_gmt":"2026-03-31T09:48:46","slug":"neptune-modern","status":"publish","type":"product","link":"https:\/\/shop.kustom.ch\/en\/product\/neptune-modern\/","title":{"rendered":"Neptune Modern"},"content":{"rendered":"<p>Polo shirt with side slits and matching buttons. Enzyme-treated and pre-shrunk for a softer and smoother surface. The Neptune is available in three stylish cuts: regular, modern and a tailored ladies' cut.<\/p>\n<p>Material: 100% combed cotton, 200 g\/m\u00b2<\/p>","protected":false},"excerpt":{"rendered":"<p>Polo Shirt mit Seitenschlitzen und passenden Kn\u00f6pfen. Enzymbehandelt und vorgeschrumpft f\u00fcr eine weichere und glattere Oberfl\u00e4che. Das Neptune ist in drei stilvollen Schnitten erh\u00e4ltlich: Regular, Modern und als taillierten Damenschnitt. Material: 100% gek\u00e4mmte Baumwolle, 200 g\/m\u00b2<\/p>","protected":false},"featured_media":505410,"template":"","meta":[],"product_brand":[],"product_cat":[4193],"product_tag":[],"class_list":{"0":"post-505390","1":"product","2":"type-product","3":"status-publish","4":"has-post-thumbnail","6":"product_cat-polos","7":"pa_brand-harvest","8":"pa_brand-type-sportswear","9":"pa_filter-color-blau","10":"pa_filter-color-gelb","11":"pa_filter-color-grau","12":"pa_filter-color-rot","13":"pa_filter-color-schwarz","14":"pa_filter-color-weiss","16":"first","17":"instock","18":"sale","19":"taxable","20":"shipping-taxable","21":"purchasable","22":"product-type-variable","23":"add-to-wishlist-before_image"},"exclude_global_add_ons":[],"addons":[],"acf":[],"_links":{"self":[{"href":"https:\/\/shop.kustom.ch\/en\/wp-json\/wp\/v2\/product\/505390"}],"collection":[{"href":"https:\/\/shop.kustom.ch\/en\/wp-json\/wp\/v2\/product"}],"about":[{"href":"https:\/\/shop.kustom.ch\/en\/wp-json\/wp\/v2\/types\/product"}],"wp:featuredmedia":[{"embeddable":true,"href":"https:\/\/shop.kustom.ch\/en\/wp-json\/wp\/v2\/media\/505410"}],"wp:attachment":[{"href":"https:\/\/shop.kustom.ch\/en\/wp-json\/wp\/v2\/media?parent=505390"}],"wp:term":[{"taxonomy":"product_brand","embeddable":true,"href":"https:\/\/shop.kustom.ch\/en\/wp-json\/wp\/v2\/product_brand?post=505390"},{"taxonomy":"product_cat","embeddable":true,"href":"https:\/\/shop.kustom.ch\/en\/wp-json\/wp\/v2\/product_cat?post=505390"},{"taxonomy":"product_tag","embeddable":true,"href":"https:\/\/shop.kustom.ch\/en\/wp-json\/wp\/v2\/product_tag?post=505390"}],"curies":[{"name":"wp","href":"https:\/\/api.w.org\/{rel}","templated":true}]}}