{"id":505252,"date":"2025-01-25T00:08:42","date_gmt":"2025-01-24T23:08:42","guid":{"rendered":"https:\/\/shop.kustom.ch\/?post_type=product&#038;p=505252"},"modified":"2026-03-31T10:50:21","modified_gmt":"2026-03-31T09:50:21","slug":"melville-heights-woman","status":"publish","type":"product","link":"https:\/\/shop.kustom.ch\/en\/product\/melville-heights-woman\/","title":{"rendered":"Melville Heights Woman"},"content":{"rendered":"<p>Sweat jacket with stand-up collar and full-length, contrast-coloured nano-membrane zip at the front and on the side pockets, half moon at the neck. Brushed inside. Ribbed cuffs on the sleeves and bottom hem. Oeko-Tex 100, OCS &amp; GRS certified.<\/p>\n<p>Material: 85% organic cotton, 15% recycled polyester, 300 g\/m\u00b2<\/p>","protected":false},"excerpt":{"rendered":"<p>Sweatjacke mit Stehkragen und durchgehendem, kontrastfarbigem Nano-Membran Reissverschluss vorne und an den Seitentaschen, Halbmond im Nacken. Innenseite geb\u00fcrstet. Gerippte Abschl\u00fcsse an den \u00c4rmeln und am unteren Saum. \u00d6ko-Tex 100, OCS &amp; GRS zertifiziert. Material: 85% Organic Baumwolle, 15% Recycled Polyester, 300 g\/m\u00b2<\/p>","protected":false},"featured_media":505290,"template":"","meta":[],"product_brand":[],"product_cat":[4191],"product_tag":[],"class_list":{"0":"post-505252","1":"product","2":"type-product","3":"status-publish","4":"has-post-thumbnail","6":"product_cat-longsleeves-sweatshirts","7":"pa_brand-harvest","8":"pa_brand-type-sportswear","9":"pa_filter-color-blau","10":"pa_filter-color-grau","11":"pa_filter-color-gruen","12":"pa_filter-color-schwarz","14":"first","15":"instock","16":"sale","17":"taxable","18":"shipping-taxable","19":"purchasable","20":"product-type-variable","21":"add-to-wishlist-before_image"},"exclude_global_add_ons":[],"addons":[],"acf":[],"_links":{"self":[{"href":"https:\/\/shop.kustom.ch\/en\/wp-json\/wp\/v2\/product\/505252"}],"collection":[{"href":"https:\/\/shop.kustom.ch\/en\/wp-json\/wp\/v2\/product"}],"about":[{"href":"https:\/\/shop.kustom.ch\/en\/wp-json\/wp\/v2\/types\/product"}],"wp:featuredmedia":[{"embeddable":true,"href":"https:\/\/shop.kustom.ch\/en\/wp-json\/wp\/v2\/media\/505290"}],"wp:attachment":[{"href":"https:\/\/shop.kustom.ch\/en\/wp-json\/wp\/v2\/media?parent=505252"}],"wp:term":[{"taxonomy":"product_brand","embeddable":true,"href":"https:\/\/shop.kustom.ch\/en\/wp-json\/wp\/v2\/product_brand?post=505252"},{"taxonomy":"product_cat","embeddable":true,"href":"https:\/\/shop.kustom.ch\/en\/wp-json\/wp\/v2\/product_cat?post=505252"},{"taxonomy":"product_tag","embeddable":true,"href":"https:\/\/shop.kustom.ch\/en\/wp-json\/wp\/v2\/product_tag?post=505252"}],"curies":[{"name":"wp","href":"https:\/\/api.w.org\/{rel}","templated":true}]}}