{"id":504654,"date":"2025-01-25T00:05:11","date_gmt":"2025-01-24T23:05:11","guid":{"rendered":"https:\/\/shop.kustom.ch\/?post_type=product&#038;p=504654"},"modified":"2026-03-31T10:46:55","modified_gmt":"2026-03-31T09:46:55","slug":"hopedale-hoodie","status":"publish","type":"product","link":"https:\/\/shop.kustom.ch\/en\/product\/hopedale-hoodie\/","title":{"rendered":"Hopedale Hoodie"},"content":{"rendered":"<p>Loose-fit hoodie with dropped shoulders and a kangaroo pocket at the front. Brushed inside. Wide ribbed cuffs and hem. Tone-on-tone drawstring. This item is supplied in a bio-based, compostable polybag. Oeko-Tex certified.<\/p>\n<p>Material: 85% organic cotton, 15% recycled polyester; 350 g\/m\u00b2<\/p>","protected":false},"excerpt":{"rendered":"<p>Locker geschnittener Hoodie mit \u00fcberschnittenen Schultern und K\u00e4ngurutasche vorne. Innen geb\u00fcrstet. Breite Rippabschl\u00fcsse an \u00c4rmeln und Saum. Ton-In-Ton-Kordelzug. Dieser Artikel wird in einer biobasierten, kompostierbaren Polybag geliefert. Oeko-Tex zertifiziert. Material: 85% Organic Baumwolle, 15% Recycling-Polyester ; 350 g\/m\u00b2<\/p>","protected":false},"featured_media":504676,"template":"","meta":[],"product_brand":[],"product_cat":[4191],"product_tag":[],"class_list":{"0":"post-504654","1":"product","2":"type-product","3":"status-publish","4":"has-post-thumbnail","6":"product_cat-longsleeves-sweatshirts","7":"pa_brand-harvest","8":"pa_brand-type-sportswear","9":"pa_filter-color-blau","10":"pa_filter-color-grau","11":"pa_filter-color-gruen","12":"pa_filter-color-rot","13":"pa_filter-color-schwarz","15":"first","16":"instock","17":"sale","18":"taxable","19":"shipping-taxable","20":"purchasable","21":"product-type-variable","22":"add-to-wishlist-before_image"},"exclude_global_add_ons":[],"addons":[],"acf":[],"_links":{"self":[{"href":"https:\/\/shop.kustom.ch\/en\/wp-json\/wp\/v2\/product\/504654"}],"collection":[{"href":"https:\/\/shop.kustom.ch\/en\/wp-json\/wp\/v2\/product"}],"about":[{"href":"https:\/\/shop.kustom.ch\/en\/wp-json\/wp\/v2\/types\/product"}],"wp:featuredmedia":[{"embeddable":true,"href":"https:\/\/shop.kustom.ch\/en\/wp-json\/wp\/v2\/media\/504676"}],"wp:attachment":[{"href":"https:\/\/shop.kustom.ch\/en\/wp-json\/wp\/v2\/media?parent=504654"}],"wp:term":[{"taxonomy":"product_brand","embeddable":true,"href":"https:\/\/shop.kustom.ch\/en\/wp-json\/wp\/v2\/product_brand?post=504654"},{"taxonomy":"product_cat","embeddable":true,"href":"https:\/\/shop.kustom.ch\/en\/wp-json\/wp\/v2\/product_cat?post=504654"},{"taxonomy":"product_tag","embeddable":true,"href":"https:\/\/shop.kustom.ch\/en\/wp-json\/wp\/v2\/product_tag?post=504654"}],"curies":[{"name":"wp","href":"https:\/\/api.w.org\/{rel}","templated":true}]}}