{"id":504452,"date":"2025-01-25T00:04:00","date_gmt":"2025-01-24T23:04:00","guid":{"rendered":"https:\/\/shop.kustom.ch\/?post_type=product&#038;p=504452"},"modified":"2026-03-31T10:51:00","modified_gmt":"2026-03-31T09:51:00","slug":"hardin-heights-woman","status":"publish","type":"product","link":"https:\/\/shop.kustom.ch\/en\/product\/hardin-heights-woman\/","title":{"rendered":"Hardin Heights Woman"},"content":{"rendered":"<p>Hoodie with raglan sleeves and half moon at the neck. Tone-on-tone drawstrings with elasticated ball ends. Kangaroo pocket on the front. Brushed inside. Ribbed cuffs and hem. Oeko-Tex 100, OCS &amp; GRS certified.<\/p>\n<p>Material: 85% organic cotton, 15% recycled polyester, 300 g\/m\u00b2<\/p>","protected":false},"excerpt":{"rendered":"<p>Hoodie mit Raglan\u00e4rmeln und Halbmond im Nacken. Ton in Ton Kordelz\u00fcge mit Gummikugelspitze am Ende. K\u00e4ngurutasche auf der Vorderseite. Innenseite geb\u00fcrstet. Gerippte Abschl\u00fcsse an \u00c4rmeln und Saum. \u00d6ko-Tex 100, OCS &amp; GRS zertifiziert. Material: 85% Organic Baumwolle, 15% Recycled Polyester, 300 g\/m\u00b2<\/p>","protected":false},"featured_media":504502,"template":"","meta":[],"product_brand":[],"product_cat":[4191],"product_tag":[],"class_list":{"0":"post-504452","1":"product","2":"type-product","3":"status-publish","4":"has-post-thumbnail","6":"product_cat-longsleeves-sweatshirts","7":"pa_brand-harvest","8":"pa_brand-type-sportswear","9":"pa_filter-color-blau","10":"pa_filter-color-grau","11":"pa_filter-color-gruen","12":"pa_filter-color-schwarz","14":"first","15":"instock","16":"sale","17":"taxable","18":"shipping-taxable","19":"purchasable","20":"product-type-variable","21":"add-to-wishlist-before_image"},"exclude_global_add_ons":[],"addons":[],"acf":[],"_links":{"self":[{"href":"https:\/\/shop.kustom.ch\/en\/wp-json\/wp\/v2\/product\/504452"}],"collection":[{"href":"https:\/\/shop.kustom.ch\/en\/wp-json\/wp\/v2\/product"}],"about":[{"href":"https:\/\/shop.kustom.ch\/en\/wp-json\/wp\/v2\/types\/product"}],"wp:featuredmedia":[{"embeddable":true,"href":"https:\/\/shop.kustom.ch\/en\/wp-json\/wp\/v2\/media\/504502"}],"wp:attachment":[{"href":"https:\/\/shop.kustom.ch\/en\/wp-json\/wp\/v2\/media?parent=504452"}],"wp:term":[{"taxonomy":"product_brand","embeddable":true,"href":"https:\/\/shop.kustom.ch\/en\/wp-json\/wp\/v2\/product_brand?post=504452"},{"taxonomy":"product_cat","embeddable":true,"href":"https:\/\/shop.kustom.ch\/en\/wp-json\/wp\/v2\/product_cat?post=504452"},{"taxonomy":"product_tag","embeddable":true,"href":"https:\/\/shop.kustom.ch\/en\/wp-json\/wp\/v2\/product_tag?post=504452"}],"curies":[{"name":"wp","href":"https:\/\/api.w.org\/{rel}","templated":true}]}}