{"id":504039,"date":"2025-01-25T00:01:49","date_gmt":"2025-01-24T23:01:49","guid":{"rendered":"https:\/\/shop.kustom.ch\/?post_type=product&#038;p=504039"},"modified":"2026-03-31T10:56:04","modified_gmt":"2026-03-31T09:56:04","slug":"deer-ridge-lady","status":"publish","type":"product","link":"https:\/\/shop.kustom.ch\/en\/product\/deer-ridge-lady\/","title":{"rendered":"DEER RIDGE LADY"},"content":{"rendered":"<p>Quilted ultra-light yet warm jacket with Thermolite\u00ae Micro filling. Hidden hood in the collar (invisible zip). Two outer pockets with zip. Elasticated cuffs at the bottom hem and sleeves. The gilet can be packed away in the front pocket.<\/p>\n<p>Material: OUTER MATERIAL: 100% POLYESTER, WATERPROOFING: 100% THERMOLITE MICRO-POLYESTER WITH 56g\/m\u00b2 , LINING: 100% NYLON<\/p>","protected":false},"excerpt":{"rendered":"<p>Gesteppte ultraleichte und dennoch warme Jacke mit Thermolite\u00ae Micro F\u00fcllung. Versteckte Kapuze im Kragen (unsichtbarer Reissverschluss). Zwei Aussentaschen mit Reissverschluss. Elastische B\u00fcndchen am unteren Saum und \u00c4rmeln. Die Weste kann in der Fronttasche verpackt werden. Material: AUSSENMATERIAL: 100% POLYESTER, WATTIERUNG: 100% THERMOLITE MICRO-POLYESTER MIT 56g\/m\u00b2 , FUTTER: 100% NYLON<\/p>","protected":false},"featured_media":504070,"template":"","meta":[],"product_brand":[],"product_cat":[4186],"product_tag":[],"class_list":{"0":"post-504039","1":"product","2":"type-product","3":"status-publish","4":"has-post-thumbnail","6":"product_cat-jacken","7":"pa_brand-harvest","8":"pa_brand-type-sportswear","9":"pa_filter-color-blau","10":"pa_filter-color-schwarz","12":"first","13":"instock","14":"sale","15":"taxable","16":"shipping-taxable","17":"purchasable","18":"product-type-variable","19":"add-to-wishlist-before_image"},"exclude_global_add_ons":[],"addons":[],"acf":[],"_links":{"self":[{"href":"https:\/\/shop.kustom.ch\/en\/wp-json\/wp\/v2\/product\/504039"}],"collection":[{"href":"https:\/\/shop.kustom.ch\/en\/wp-json\/wp\/v2\/product"}],"about":[{"href":"https:\/\/shop.kustom.ch\/en\/wp-json\/wp\/v2\/types\/product"}],"wp:featuredmedia":[{"embeddable":true,"href":"https:\/\/shop.kustom.ch\/en\/wp-json\/wp\/v2\/media\/504070"}],"wp:attachment":[{"href":"https:\/\/shop.kustom.ch\/en\/wp-json\/wp\/v2\/media?parent=504039"}],"wp:term":[{"taxonomy":"product_brand","embeddable":true,"href":"https:\/\/shop.kustom.ch\/en\/wp-json\/wp\/v2\/product_brand?post=504039"},{"taxonomy":"product_cat","embeddable":true,"href":"https:\/\/shop.kustom.ch\/en\/wp-json\/wp\/v2\/product_cat?post=504039"},{"taxonomy":"product_tag","embeddable":true,"href":"https:\/\/shop.kustom.ch\/en\/wp-json\/wp\/v2\/product_tag?post=504039"}],"curies":[{"name":"wp","href":"https:\/\/api.w.org\/{rel}","templated":true}]}}