{"id":503724,"date":"2025-01-24T23:59:48","date_gmt":"2025-01-24T22:59:48","guid":{"rendered":"https:\/\/shop.kustom.ch\/?post_type=product&#038;p=503724"},"modified":"2026-03-31T10:39:47","modified_gmt":"2026-03-31T09:39:47","slug":"brookings-regular","status":"publish","type":"product","link":"https:\/\/shop.kustom.ch\/en\/product\/brookings-regular\/","title":{"rendered":"Brookings Regular"},"content":{"rendered":"<p>Functional tri-blend polo shirt with raglan sleeves made of cotton, recycled polyester and elastane for optimum comfort in active everyday life. Three metal-coloured buttons, side slits and 1\u00d71 ribbed cuffs. The Brookings polo is available in three stylish cuts: regular, modern and a tailored ladies' cut.<\/p>\n<p>Material: 52% cotton, 45% recycled polyester, 3% elastane, 190 g\/m\u00b2<\/p>","protected":false},"excerpt":{"rendered":"<p>Funktionelles Tri-Blend Poloshirt mit Raglan\u00e4rmeln aus Baumwolle, Recycled Polyester und Elasthan f\u00fcr optimalen Komfort im aktiven Alltag. Drei metallfarbene Kn\u00f6pfe, Seitenschlitze und ein 1&#215;1 Rippb\u00fcndchen am \u00c4rmelabschluss. Das Brookings Polo ist in drei stilvollen Schnitten erh\u00e4ltlich: Regular, Modern und als taillierten Damenschnitt. Material: 52% Baumwolle, 45% Recycled Polyester, 3% Elasthan, 190 g\/m\u00b2<\/p>","protected":false},"featured_media":503772,"template":"","meta":[],"product_brand":[],"product_cat":[4193],"product_tag":[],"class_list":{"0":"post-503724","1":"product","2":"type-product","3":"status-publish","4":"has-post-thumbnail","6":"product_cat-polos","7":"pa_brand-harvest","8":"pa_brand-type-sportswear","9":"pa_filter-color-blau","10":"pa_filter-color-gruen","11":"pa_filter-color-schwarz","12":"pa_filter-color-weiss","14":"first","15":"instock","16":"sale","17":"taxable","18":"shipping-taxable","19":"purchasable","20":"product-type-variable","21":"add-to-wishlist-before_image"},"exclude_global_add_ons":[],"addons":[],"acf":[],"_links":{"self":[{"href":"https:\/\/shop.kustom.ch\/en\/wp-json\/wp\/v2\/product\/503724"}],"collection":[{"href":"https:\/\/shop.kustom.ch\/en\/wp-json\/wp\/v2\/product"}],"about":[{"href":"https:\/\/shop.kustom.ch\/en\/wp-json\/wp\/v2\/types\/product"}],"wp:featuredmedia":[{"embeddable":true,"href":"https:\/\/shop.kustom.ch\/en\/wp-json\/wp\/v2\/media\/503772"}],"wp:attachment":[{"href":"https:\/\/shop.kustom.ch\/en\/wp-json\/wp\/v2\/media?parent=503724"}],"wp:term":[{"taxonomy":"product_brand","embeddable":true,"href":"https:\/\/shop.kustom.ch\/en\/wp-json\/wp\/v2\/product_brand?post=503724"},{"taxonomy":"product_cat","embeddable":true,"href":"https:\/\/shop.kustom.ch\/en\/wp-json\/wp\/v2\/product_cat?post=503724"},{"taxonomy":"product_tag","embeddable":true,"href":"https:\/\/shop.kustom.ch\/en\/wp-json\/wp\/v2\/product_tag?post=503724"}],"curies":[{"name":"wp","href":"https:\/\/api.w.org\/{rel}","templated":true}]}}