{"id":503049,"date":"2025-01-24T23:56:03","date_gmt":"2025-01-24T22:56:03","guid":{"rendered":"https:\/\/shop.kustom.ch\/?post_type=product&#038;p=503049"},"modified":"2026-03-31T10:36:55","modified_gmt":"2026-03-31T09:36:55","slug":"american-supreme-polo-woman","status":"publish","type":"product","link":"https:\/\/shop.kustom.ch\/en\/product\/american-supreme-polo-woman\/","title":{"rendered":"American Supreme Polo Woman"},"content":{"rendered":"<p>Stretch polo made from single jersey with a concealed button-down collar. The polo has folded cuffs on the sleeves for a modern look. Side inserts and back yoke. Tone-on-tone buttons with engraved Harvest logo. New, improved fit. Comes in a bio-based, compostable polybag. Oeko-Tex certified.<\/p>\n<p>Material: 95% organic cotton, 5% elastane, 215 G\/M\u00b2<\/p>","protected":false},"excerpt":{"rendered":"<p>Stretch-Polo aus Single-Jersey mit verdecktem Button-Down-Kragen. Das Polo hat gefaltete Manschetten an den \u00c4rmeln f\u00fcr einen modernen Look. Seitliche Eins\u00e4tze und R\u00fcckenpasse. Ton in Ton gehaltene Kn\u00f6pfe mit eingraviertem Harvest-Logo. Neue, verbesserte Passform. Wird in einem biobasierten, kompostierbaren Polybag geliefert. \u00d6ko-Tex-zertifiziert. Material: 95% Bio Baumwolle, 5% Elasthan, 215 G\/M\u00b2<\/p>","protected":false},"featured_media":503074,"template":"","meta":[],"product_brand":[],"product_cat":[4193],"product_tag":[],"class_list":{"0":"post-503049","1":"product","2":"type-product","3":"status-publish","4":"has-post-thumbnail","6":"product_cat-polos","7":"pa_brand-harvest","8":"pa_brand-type-sportswear","9":"pa_filter-color-blau","10":"pa_filter-color-grau","11":"pa_filter-color-gruen","12":"pa_filter-color-rot","13":"pa_filter-color-schwarz","14":"pa_filter-color-weiss","16":"first","17":"instock","18":"sale","19":"taxable","20":"shipping-taxable","21":"purchasable","22":"product-type-variable","23":"add-to-wishlist-before_image"},"exclude_global_add_ons":[],"addons":[],"acf":[],"_links":{"self":[{"href":"https:\/\/shop.kustom.ch\/en\/wp-json\/wp\/v2\/product\/503049"}],"collection":[{"href":"https:\/\/shop.kustom.ch\/en\/wp-json\/wp\/v2\/product"}],"about":[{"href":"https:\/\/shop.kustom.ch\/en\/wp-json\/wp\/v2\/types\/product"}],"wp:featuredmedia":[{"embeddable":true,"href":"https:\/\/shop.kustom.ch\/en\/wp-json\/wp\/v2\/media\/503074"}],"wp:attachment":[{"href":"https:\/\/shop.kustom.ch\/en\/wp-json\/wp\/v2\/media?parent=503049"}],"wp:term":[{"taxonomy":"product_brand","embeddable":true,"href":"https:\/\/shop.kustom.ch\/en\/wp-json\/wp\/v2\/product_brand?post=503049"},{"taxonomy":"product_cat","embeddable":true,"href":"https:\/\/shop.kustom.ch\/en\/wp-json\/wp\/v2\/product_cat?post=503049"},{"taxonomy":"product_tag","embeddable":true,"href":"https:\/\/shop.kustom.ch\/en\/wp-json\/wp\/v2\/product_tag?post=503049"}],"curies":[{"name":"wp","href":"https:\/\/api.w.org\/{rel}","templated":true}]}}