{"id":502843,"date":"2025-01-24T23:55:00","date_gmt":"2025-01-24T22:55:00","guid":{"rendered":"https:\/\/shop.kustom.ch\/?post_type=product&#038;p=502843"},"modified":"2026-03-31T10:40:39","modified_gmt":"2026-03-31T09:40:39","slug":"acton","status":"publish","type":"product","link":"https:\/\/shop.kustom.ch\/en\/product\/acton\/","title":{"rendered":"Acton"},"content":{"rendered":"<p>Business shirt with button-down collar and adjustable cuffs. Easy-care fabric. Tone on tone buttons.<\/p>\n<p>Material: 55% cotton, 45% polyester, 145 g\/m\u00b2<\/p>","protected":false},"excerpt":{"rendered":"<p>Businesshemd mit Button Down Kragen und verstellbare \u00c4rmelb\u00fcndchen. Pflegeleichter Stoff. Ton in Ton Kn\u00f6pfe. Material: 55% Baumwolle, 45% Polyester, 145 g\/m\u00b2<\/p>","protected":false},"featured_media":502846,"template":"","meta":[],"product_brand":[],"product_cat":[9874],"product_tag":[],"class_list":{"0":"post-502843","1":"product","2":"type-product","3":"status-publish","4":"has-post-thumbnail","6":"product_cat-hemden","7":"pa_brand-harvest","8":"pa_brand-type-sportswear","9":"pa_filter-color-blau","10":"pa_filter-color-schwarz","11":"pa_filter-color-weiss","13":"first","14":"instock","15":"sale","16":"taxable","17":"shipping-taxable","18":"purchasable","19":"product-type-variable","20":"add-to-wishlist-before_image"},"exclude_global_add_ons":[],"addons":[],"acf":[],"_links":{"self":[{"href":"https:\/\/shop.kustom.ch\/en\/wp-json\/wp\/v2\/product\/502843"}],"collection":[{"href":"https:\/\/shop.kustom.ch\/en\/wp-json\/wp\/v2\/product"}],"about":[{"href":"https:\/\/shop.kustom.ch\/en\/wp-json\/wp\/v2\/types\/product"}],"wp:featuredmedia":[{"embeddable":true,"href":"https:\/\/shop.kustom.ch\/en\/wp-json\/wp\/v2\/media\/502846"}],"wp:attachment":[{"href":"https:\/\/shop.kustom.ch\/en\/wp-json\/wp\/v2\/media?parent=502843"}],"wp:term":[{"taxonomy":"product_brand","embeddable":true,"href":"https:\/\/shop.kustom.ch\/en\/wp-json\/wp\/v2\/product_brand?post=502843"},{"taxonomy":"product_cat","embeddable":true,"href":"https:\/\/shop.kustom.ch\/en\/wp-json\/wp\/v2\/product_cat?post=502843"},{"taxonomy":"product_tag","embeddable":true,"href":"https:\/\/shop.kustom.ch\/en\/wp-json\/wp\/v2\/product_tag?post=502843"}],"curies":[{"name":"wp","href":"https:\/\/api.w.org\/{rel}","templated":true}]}}