{"id":502743,"date":"2025-01-24T23:47:51","date_gmt":"2025-01-24T22:47:51","guid":{"rendered":"https:\/\/shop.kustom.ch\/?post_type=product&#038;p=502743"},"modified":"2026-03-31T11:47:52","modified_gmt":"2026-03-31T10:47:52","slug":"wenatchee-jacket-men","status":"publish","type":"product","link":"https:\/\/shop.kustom.ch\/en\/product\/wenatchee-jacket-men\/","title":{"rendered":"Wenatchee Jacket Men"},"content":{"rendered":"<p>A perfect jacket for all occasions and seasons. The coat is made of technical fabric with reinforced, waterproof taped seams to protect against light rain and wind. The quilted seams conceal the DuPont \u2122 Sorona \u00ae Sustans insulation layer. Its inner lining keeps you warm from early autumn to cold winter mornings. Equipped with a concealed front button placket, zip-off front layer, waterproof chest pocket and two outer pockets.<\/p>\n<p>Care:<br \/>\n- Wash at 30\u00b0, maximum 400 revolutions per minute.<br \/>\n- Drying at low temperatures with tennis balls<\/p>\n<p>Material: Outer material: 50% recycled polyester, 50% polyester, filling: 100% polyester, lining: 100% polyester<\/p>","protected":false},"excerpt":{"rendered":"<p>Eine perfekte Jacke f\u00fcr alle Gelegenheiten und Jahreszeiten. Der Mantel ist aus technischem Gewebe mit verst\u00e4rkten, wasserdicht verschweissten N\u00e4hten zum Schutz vor leichtem Regen und Wind ausgestattet. In den gesteppten N\u00e4hten, versteckt sich die Isolationsschicht aus Sustans von DuPont \u2122 Sorona \u00ae. Sein Innenfutter h\u00e4lt Dich vom fr\u00fchen Herbst bis zum kalten Wintermorgen warm. Ausgestattet [&hellip;]<\/p>\n","protected":false},"featured_media":502796,"template":"","meta":[],"product_brand":[],"product_cat":[4186],"product_tag":[],"class_list":{"0":"post-502743","1":"product","2":"type-product","3":"status-publish","4":"has-post-thumbnail","6":"product_cat-jacken","7":"pa_brand-cutter-buck","8":"pa_brand-type-sportswear","9":"pa_filter-color-blau","10":"pa_filter-color-schwarz","12":"first","13":"instock","14":"sale","15":"taxable","16":"shipping-taxable","17":"purchasable","18":"product-type-variable","19":"add-to-wishlist-before_image"},"exclude_global_add_ons":[],"addons":[],"acf":[],"_links":{"self":[{"href":"https:\/\/shop.kustom.ch\/en\/wp-json\/wp\/v2\/product\/502743"}],"collection":[{"href":"https:\/\/shop.kustom.ch\/en\/wp-json\/wp\/v2\/product"}],"about":[{"href":"https:\/\/shop.kustom.ch\/en\/wp-json\/wp\/v2\/types\/product"}],"wp:featuredmedia":[{"embeddable":true,"href":"https:\/\/shop.kustom.ch\/en\/wp-json\/wp\/v2\/media\/502796"}],"wp:attachment":[{"href":"https:\/\/shop.kustom.ch\/en\/wp-json\/wp\/v2\/media?parent=502743"}],"wp:term":[{"taxonomy":"product_brand","embeddable":true,"href":"https:\/\/shop.kustom.ch\/en\/wp-json\/wp\/v2\/product_brand?post=502743"},{"taxonomy":"product_cat","embeddable":true,"href":"https:\/\/shop.kustom.ch\/en\/wp-json\/wp\/v2\/product_cat?post=502743"},{"taxonomy":"product_tag","embeddable":true,"href":"https:\/\/shop.kustom.ch\/en\/wp-json\/wp\/v2\/product_tag?post=502743"}],"curies":[{"name":"wp","href":"https:\/\/api.w.org\/{rel}","templated":true}]}}