{"id":502671,"date":"2025-01-24T23:47:32","date_gmt":"2025-01-24T22:47:32","guid":{"rendered":"https:\/\/shop.kustom.ch\/?post_type=product&#038;p=502671"},"modified":"2026-03-31T11:35:43","modified_gmt":"2026-03-31T10:35:43","slug":"virtue-eco-polo-solid-men","status":"publish","type":"product","link":"https:\/\/shop.kustom.ch\/en\/product\/virtue-eco-polo-solid-men\/","title":{"rendered":"Virtue Eco Polo Solid Men"},"content":{"rendered":"<p>Style effortlessly with our eco-friendly polo shirt, made from lightweight, high-quality, certified eco-friendly recycled DryTec\u2122 polyester fabric for maximum comfort and perfect for informal outings and active pursuits. Elastane provides stretch, a cooling effect and UV protection. The most versatile, sustainable and comfortable polo shirt for you and the planet.<\/p>\n<p>Material: 95% recycled polyester, 5% elastane<\/p>","protected":false},"excerpt":{"rendered":"<p>Mit unserem umweltfreundlichen Poloshirt k\u00f6nnen Sie sich m\u00fchelos stylen.Der leichte, hochwertige, zertifizierte umweltfreundliche recycelte DryTec\u2122-Polyesterstoff sorgt f\u00fcr maximalen Komfort und ist perfekt f\u00fcr informelle Ausfl\u00fcge und aktive Unternehmungen. Elasthan sorgt f\u00fcr Stretch, einen k\u00fchlenden Effekt und UV-Schutz. Das vielseitigste, nachhaltigste und bequemste Poloshirt f\u00fcr Sie und den Planeten. Material: 95% Recycling-Polyester, 5% Elastan<\/p>","protected":false},"featured_media":502721,"template":"","meta":[],"product_brand":[],"product_cat":[4193],"product_tag":[],"class_list":{"0":"post-502671","1":"product","2":"type-product","3":"status-publish","4":"has-post-thumbnail","6":"product_cat-polos","7":"pa_brand-cutter-buck","8":"pa_brand-type-sportswear","9":"pa_filter-color-blau","10":"pa_filter-color-schwarz","11":"pa_filter-color-weiss","13":"first","14":"instock","15":"sale","16":"taxable","17":"shipping-taxable","18":"purchasable","19":"product-type-variable","20":"add-to-wishlist-before_image"},"exclude_global_add_ons":[],"addons":[],"acf":[],"_links":{"self":[{"href":"https:\/\/shop.kustom.ch\/en\/wp-json\/wp\/v2\/product\/502671"}],"collection":[{"href":"https:\/\/shop.kustom.ch\/en\/wp-json\/wp\/v2\/product"}],"about":[{"href":"https:\/\/shop.kustom.ch\/en\/wp-json\/wp\/v2\/types\/product"}],"wp:featuredmedia":[{"embeddable":true,"href":"https:\/\/shop.kustom.ch\/en\/wp-json\/wp\/v2\/media\/502721"}],"wp:attachment":[{"href":"https:\/\/shop.kustom.ch\/en\/wp-json\/wp\/v2\/media?parent=502671"}],"wp:term":[{"taxonomy":"product_brand","embeddable":true,"href":"https:\/\/shop.kustom.ch\/en\/wp-json\/wp\/v2\/product_brand?post=502671"},{"taxonomy":"product_cat","embeddable":true,"href":"https:\/\/shop.kustom.ch\/en\/wp-json\/wp\/v2\/product_cat?post=502671"},{"taxonomy":"product_tag","embeddable":true,"href":"https:\/\/shop.kustom.ch\/en\/wp-json\/wp\/v2\/product_tag?post=502671"}],"curies":[{"name":"wp","href":"https:\/\/api.w.org\/{rel}","templated":true}]}}