{"id":502604,"date":"2025-01-24T23:47:07","date_gmt":"2025-01-24T22:47:07","guid":{"rendered":"https:\/\/shop.kustom.ch\/?post_type=product&#038;p=502604"},"modified":"2026-03-31T11:36:18","modified_gmt":"2026-03-31T10:36:18","slug":"virtue-eco-polo","status":"publish","type":"product","link":"https:\/\/shop.kustom.ch\/en\/product\/virtue-eco-polo\/","title":{"rendered":"Virtue Eco Polo"},"content":{"rendered":"<p>Designed for exceptional versatility, the Virtue Eco Polo is your favourite sustainable polo shirt for any activity. Ultra-lightweight, premium, recycled DryTec\u2122 eco-certified polyester is blended with spandex for stretch, a cooling effect and UPF sun protection, resulting in the most versatile, sustainable and comfortable printed polo shirt for you and the planet.<\/p>\n<p>Material: 95% recycled polyester, 5% elastane. UPF 25+<\/p>","protected":false},"excerpt":{"rendered":"<p>Das Virtue Eco Polo ist auf aussergew\u00f6hnliche Vielseitigkeit ausgelegt und als Ihr bevorzugtes nachhaltiges Poloshirt f\u00fcr jede Aktivit\u00e4t gedacht. Ultraleichtes, hochwertiges, recyceltes DryTec\u2122-Polyester mit Umweltzertifizierung wird mit Elasthan f\u00fcr Dehnbarkeit, einen k\u00fchlenden Effekt und UPF-Sonnenschutz gemischt, was das vielseitigste, nachhaltigste und bequemste bedruckte Poloshirt f\u00fcr Sie und den Planeten ergibt. Material: 95% recyceltes Polyester, 5% [&hellip;]<\/p>\n","protected":false},"featured_media":502667,"template":"","meta":[],"product_brand":[],"product_cat":[4193],"product_tag":[],"class_list":{"0":"post-502604","1":"product","2":"type-product","3":"status-publish","4":"has-post-thumbnail","6":"product_cat-polos","7":"pa_brand-cutter-buck","8":"pa_brand-type-sportswear","9":"pa_filter-color-blau","10":"pa_filter-color-schwarz","11":"pa_filter-color-weiss","13":"first","14":"instock","15":"sale","16":"taxable","17":"shipping-taxable","18":"purchasable","19":"product-type-variable","20":"add-to-wishlist-before_image"},"exclude_global_add_ons":[],"addons":[],"acf":[],"_links":{"self":[{"href":"https:\/\/shop.kustom.ch\/en\/wp-json\/wp\/v2\/product\/502604"}],"collection":[{"href":"https:\/\/shop.kustom.ch\/en\/wp-json\/wp\/v2\/product"}],"about":[{"href":"https:\/\/shop.kustom.ch\/en\/wp-json\/wp\/v2\/types\/product"}],"wp:featuredmedia":[{"embeddable":true,"href":"https:\/\/shop.kustom.ch\/en\/wp-json\/wp\/v2\/media\/502667"}],"wp:attachment":[{"href":"https:\/\/shop.kustom.ch\/en\/wp-json\/wp\/v2\/media?parent=502604"}],"wp:term":[{"taxonomy":"product_brand","embeddable":true,"href":"https:\/\/shop.kustom.ch\/en\/wp-json\/wp\/v2\/product_brand?post=502604"},{"taxonomy":"product_cat","embeddable":true,"href":"https:\/\/shop.kustom.ch\/en\/wp-json\/wp\/v2\/product_cat?post=502604"},{"taxonomy":"product_tag","embeddable":true,"href":"https:\/\/shop.kustom.ch\/en\/wp-json\/wp\/v2\/product_tag?post=502604"}],"curies":[{"name":"wp","href":"https:\/\/api.w.org\/{rel}","templated":true}]}}