{"id":502405,"date":"2025-01-24T23:46:09","date_gmt":"2025-01-24T22:46:09","guid":{"rendered":"https:\/\/shop.kustom.ch\/?post_type=product&#038;p=502405"},"modified":"2026-03-31T11:35:34","modified_gmt":"2026-03-31T10:35:34","slug":"surf-pines-swim-shorts","status":"publish","type":"product","link":"https:\/\/shop.kustom.ch\/en\/product\/surf-pines-swim-shorts\/","title":{"rendered":"Surf Pines Swim Shorts"},"content":{"rendered":"<p>A classic pair of swimming trunks with side seams and internal mesh lining. Elasticated waistband with drawstrings for optimum comfort. The material is made from recycled plastic bottles and is treated with a quick-drying finish.<\/p>\n<p>Material: 100% recycled polyester<\/p>","protected":false},"excerpt":{"rendered":"<p>Ein klassisches Paar Badehosen mit Seitenn\u00e4hten und innenliegendem Mesh-Futter. Elastischer Bund mit Zugb\u00e4ndern f\u00fcr optimalen Komfort. Das Material besteht aus recycelten Plastikflaschen und ist mit einem schnelltrocknenden Finish behandelt. Material: 100% Recycling-Polyester<\/p>","protected":false},"featured_media":502451,"template":"","meta":[],"product_brand":[],"product_cat":[4198],"product_tag":[],"class_list":{"0":"post-502405","1":"product","2":"type-product","3":"status-publish","4":"has-post-thumbnail","6":"product_cat-shorts","7":"pa_brand-cutter-buck","8":"pa_brand-type-sportswear","9":"pa_filter-color-blau","10":"pa_filter-color-gruen","12":"first","13":"instock","14":"sale","15":"taxable","16":"shipping-taxable","17":"purchasable","18":"product-type-variable","19":"add-to-wishlist-before_image"},"exclude_global_add_ons":[],"addons":[],"acf":[],"_links":{"self":[{"href":"https:\/\/shop.kustom.ch\/en\/wp-json\/wp\/v2\/product\/502405"}],"collection":[{"href":"https:\/\/shop.kustom.ch\/en\/wp-json\/wp\/v2\/product"}],"about":[{"href":"https:\/\/shop.kustom.ch\/en\/wp-json\/wp\/v2\/types\/product"}],"wp:featuredmedia":[{"embeddable":true,"href":"https:\/\/shop.kustom.ch\/en\/wp-json\/wp\/v2\/media\/502451"}],"wp:attachment":[{"href":"https:\/\/shop.kustom.ch\/en\/wp-json\/wp\/v2\/media?parent=502405"}],"wp:term":[{"taxonomy":"product_brand","embeddable":true,"href":"https:\/\/shop.kustom.ch\/en\/wp-json\/wp\/v2\/product_brand?post=502405"},{"taxonomy":"product_cat","embeddable":true,"href":"https:\/\/shop.kustom.ch\/en\/wp-json\/wp\/v2\/product_cat?post=502405"},{"taxonomy":"product_tag","embeddable":true,"href":"https:\/\/shop.kustom.ch\/en\/wp-json\/wp\/v2\/product_tag?post=502405"}],"curies":[{"name":"wp","href":"https:\/\/api.w.org\/{rel}","templated":true}]}}