{"id":502334,"date":"2025-01-24T23:45:44","date_gmt":"2025-01-24T22:45:44","guid":{"rendered":"https:\/\/shop.kustom.ch\/produkt\/stealth-jacket-men\/"},"modified":"2026-03-31T11:46:00","modified_gmt":"2026-03-31T10:46:00","slug":"stealth-jacket-men","status":"publish","type":"product","link":"https:\/\/shop.kustom.ch\/en\/product\/stealth-jacket-men\/","title":{"rendered":"Stealth Jacket Men"},"content":{"rendered":"<p>The Stealth hybrid jacket is a cross between a jacket and a sweatshirt, where sport and casual meet. The sleeves and back are made from light and soft power stretch, combined with a lightly lined waistcoat that protects against the wind and keeps you nice and warm. Fits perfectly over a shirt, a polo or simply as a replacement for a jumper.<\/p>\n<p>Material: Outer material 1: 89% polyester, 11 % elastane; Outer material 2: 100% polyester; Filling: 100% polyester<\/p>","protected":false},"excerpt":{"rendered":"<p>Bei der Hybridjacke Stealth treffen Sport und Casual aufeinander, es ist eine Kreuzung von Jacke und Sweatshirt. \u00c4rmel und R\u00fccken aus leichtem und weichem Powerstretch, verbunden mit einer leicht gef\u00fctterten Weste, die vor Wind sch\u00fctzt und angenehm warm h\u00e4lt. Passt perfekt \u00fcber ein Hemd, ein Polo oder einfach als Ersatz f\u00fcr den Sweater. Material: Aussenmaterial [&hellip;]<\/p>\n","protected":false},"featured_media":502333,"template":"","meta":[],"product_brand":[],"product_cat":[4186],"product_tag":[],"class_list":{"0":"post-502334","1":"product","2":"type-product","3":"status-publish","4":"has-post-thumbnail","6":"product_cat-jacken","7":"pa_brand-cutter-buck","8":"pa_brand-type-sportswear","9":"pa_filter-color-blau","10":"pa_filter-color-schwarz","11":"pa_filter-color-weiss","13":"first","14":"instock","15":"sale","16":"taxable","17":"shipping-taxable","18":"purchasable","19":"product-type-variable","20":"add-to-wishlist-before_image"},"exclude_global_add_ons":[],"addons":[],"acf":[],"_links":{"self":[{"href":"https:\/\/shop.kustom.ch\/en\/wp-json\/wp\/v2\/product\/502334"}],"collection":[{"href":"https:\/\/shop.kustom.ch\/en\/wp-json\/wp\/v2\/product"}],"about":[{"href":"https:\/\/shop.kustom.ch\/en\/wp-json\/wp\/v2\/types\/product"}],"wp:featuredmedia":[{"embeddable":true,"href":"https:\/\/shop.kustom.ch\/en\/wp-json\/wp\/v2\/media\/502333"}],"wp:attachment":[{"href":"https:\/\/shop.kustom.ch\/en\/wp-json\/wp\/v2\/media?parent=502334"}],"wp:term":[{"taxonomy":"product_brand","embeddable":true,"href":"https:\/\/shop.kustom.ch\/en\/wp-json\/wp\/v2\/product_brand?post=502334"},{"taxonomy":"product_cat","embeddable":true,"href":"https:\/\/shop.kustom.ch\/en\/wp-json\/wp\/v2\/product_cat?post=502334"},{"taxonomy":"product_tag","embeddable":true,"href":"https:\/\/shop.kustom.ch\/en\/wp-json\/wp\/v2\/product_tag?post=502334"}],"curies":[{"name":"wp","href":"https:\/\/api.w.org\/{rel}","templated":true}]}}