{"id":502198,"date":"2025-01-24T23:45:12","date_gmt":"2025-01-24T22:45:12","guid":{"rendered":"https:\/\/shop.kustom.ch\/?post_type=product&#038;p=502198"},"modified":"2026-03-31T11:45:57","modified_gmt":"2026-03-31T10:45:57","slug":"snoqualmie-jacket-men","status":"publish","type":"product","link":"https:\/\/shop.kustom.ch\/en\/product\/snoqualmie-jacket-men\/","title":{"rendered":"Snoqualmie Jacket Men"},"content":{"rendered":"<p>Our legendary Snoqualmie fleece jacket keeps you nice and warm on fresh days in the city and on the golf course. Featuring a YKK front zip and contrast colour pockets. This quick-drying fleece fabric with added stretch is the perfect layer for outdoor adventures.<\/p>\n<p>Material: 92% polyester, 8% elastane<\/p>","protected":false},"excerpt":{"rendered":"<p>Unser legend\u00e4re Snoqualmie Fleecejacke h\u00e4lt Sie an frischen Tagen in der Stadt und auf dem Golfplatz angenehme warm. Ausgestattet mit YKK Reissverschluss vorne und an Taschen in Kontrastfarbe. Dieser schnelltrocknende Fleece Stoff mit zus\u00e4tzliche Dehnf\u00e4higkeiten ist die perfekte Schicht f\u00fcr Outdoor Abenteuer. Material: 92% Polyester, 8% Elasthan<\/p>","protected":false},"featured_media":502232,"template":"","meta":[],"product_brand":[],"product_cat":[4184],"product_tag":[],"class_list":{"0":"post-502198","1":"product","2":"type-product","3":"status-publish","4":"has-post-thumbnail","6":"product_cat-hoodies-pullover","7":"pa_brand-cutter-buck","8":"pa_brand-type-sportswear","9":"pa_filter-color-blau","10":"pa_filter-color-grau","11":"pa_filter-color-schwarz","12":"pa_filter-color-weiss","14":"first","15":"instock","16":"sale","17":"taxable","18":"shipping-taxable","19":"purchasable","20":"product-type-variable","21":"add-to-wishlist-before_image"},"exclude_global_add_ons":[],"addons":[],"acf":[],"_links":{"self":[{"href":"https:\/\/shop.kustom.ch\/en\/wp-json\/wp\/v2\/product\/502198"}],"collection":[{"href":"https:\/\/shop.kustom.ch\/en\/wp-json\/wp\/v2\/product"}],"about":[{"href":"https:\/\/shop.kustom.ch\/en\/wp-json\/wp\/v2\/types\/product"}],"wp:featuredmedia":[{"embeddable":true,"href":"https:\/\/shop.kustom.ch\/en\/wp-json\/wp\/v2\/media\/502232"}],"wp:attachment":[{"href":"https:\/\/shop.kustom.ch\/en\/wp-json\/wp\/v2\/media?parent=502198"}],"wp:term":[{"taxonomy":"product_brand","embeddable":true,"href":"https:\/\/shop.kustom.ch\/en\/wp-json\/wp\/v2\/product_brand?post=502198"},{"taxonomy":"product_cat","embeddable":true,"href":"https:\/\/shop.kustom.ch\/en\/wp-json\/wp\/v2\/product_cat?post=502198"},{"taxonomy":"product_tag","embeddable":true,"href":"https:\/\/shop.kustom.ch\/en\/wp-json\/wp\/v2\/product_tag?post=502198"}],"curies":[{"name":"wp","href":"https:\/\/api.w.org\/{rel}","templated":true}]}}