{"id":502129,"date":"2025-01-24T23:44:46","date_gmt":"2025-01-24T22:44:46","guid":{"rendered":"https:\/\/shop.kustom.ch\/?post_type=product&#038;p=502129"},"modified":"2026-03-31T11:46:58","modified_gmt":"2026-03-31T10:46:58","slug":"shelton-3-1-jacket-men","status":"publish","type":"product","link":"https:\/\/shop.kustom.ch\/en\/product\/shelton-3-1-jacket-men\/","title":{"rendered":"Shelton 3-1 Jacket Men"},"content":{"rendered":"<p>The Shelton is the ultimate business jacket for everyday use and ideal for city adventures. The 3-1 jacket offers versatility of use. Wear the outer jacket and gilet separately or combine both pieces for maximum support. The design is clean and minimalist with plenty of room for embellishment. Cuffs and front pockets with easy-to-open press studs. The inner waistcoat, which can be pulled out of the jacket, is sewn with vertical quilting lines and fits perfectly over a knitted jumper. Both jacket and waistcoat are equipped with YKK VISLON\u00ae zips.<\/p>\n<p>Material: Outer material jacket: 100% polyester, outer material gilet: 100% polyester, filling: 100% polyester<\/p>","protected":false},"excerpt":{"rendered":"<p>Die Shelton ist die ultimative Businessjacke f\u00fcr den t\u00e4glichen Gebrauch und ideal f\u00fcr St\u00e4dteabenteuer. Die 3-1 Jacke bietet vielseitige Verwendungsm\u00f6glichkeiten. Tragen Sie die Aussenjacke und das Gilet getrennt oder kombinieren Sie beide Teile f\u00fcr maximale Unterst\u00fctzung. Das Design ist sauber und minimalistisch mit viel Platz f\u00fcr Veredelungen. Manschetten und Fronttaschen mit leicht zu \u00f6ffnenden Druckkn\u00f6pfen. [&hellip;]<\/p>\n","protected":false},"featured_media":502156,"template":"","meta":[],"product_brand":[],"product_cat":[4186],"product_tag":[],"class_list":{"0":"post-502129","1":"product","2":"type-product","3":"status-publish","4":"has-post-thumbnail","6":"product_cat-jacken","7":"pa_brand-cutter-buck","8":"pa_brand-type-sportswear","9":"pa_filter-color-blau","10":"pa_filter-color-schwarz","12":"first","13":"instock","14":"sale","15":"taxable","16":"shipping-taxable","17":"purchasable","18":"product-type-variable","19":"add-to-wishlist-before_image"},"exclude_global_add_ons":[],"addons":[],"acf":[],"_links":{"self":[{"href":"https:\/\/shop.kustom.ch\/en\/wp-json\/wp\/v2\/product\/502129"}],"collection":[{"href":"https:\/\/shop.kustom.ch\/en\/wp-json\/wp\/v2\/product"}],"about":[{"href":"https:\/\/shop.kustom.ch\/en\/wp-json\/wp\/v2\/types\/product"}],"wp:featuredmedia":[{"embeddable":true,"href":"https:\/\/shop.kustom.ch\/en\/wp-json\/wp\/v2\/media\/502156"}],"wp:attachment":[{"href":"https:\/\/shop.kustom.ch\/en\/wp-json\/wp\/v2\/media?parent=502129"}],"wp:term":[{"taxonomy":"product_brand","embeddable":true,"href":"https:\/\/shop.kustom.ch\/en\/wp-json\/wp\/v2\/product_brand?post=502129"},{"taxonomy":"product_cat","embeddable":true,"href":"https:\/\/shop.kustom.ch\/en\/wp-json\/wp\/v2\/product_cat?post=502129"},{"taxonomy":"product_tag","embeddable":true,"href":"https:\/\/shop.kustom.ch\/en\/wp-json\/wp\/v2\/product_tag?post=502129"}],"curies":[{"name":"wp","href":"https:\/\/api.w.org\/{rel}","templated":true}]}}