{"id":501162,"date":"2025-01-24T23:40:00","date_gmt":"2025-01-24T22:40:00","guid":{"rendered":"https:\/\/shop.kustom.ch\/?post_type=product&#038;p=501162"},"modified":"2026-03-31T11:41:38","modified_gmt":"2026-03-31T10:41:38","slug":"north-shore-pants-men","status":"publish","type":"product","link":"https:\/\/shop.kustom.ch\/en\/product\/north-shore-pants-men\/","title":{"rendered":"North Shore Pants Men"},"content":{"rendered":"<p>North Shore offers all-weather protection at the highest level. The 3-layer fabric maximises protection from rain and wind, while the all-round stretch fabric offers maximum flexibility and freedom of movement. Equipped with technical features, these versatile North Shore trousers are ideal for golf rounds or any other outdoor activity. Front and back pockets help you securely store keys, phone, cards and other items. Equipped with waterproof zips at the leg ends for easy access. Wash separately at 30 degrees without fabric softener. Close all zips before washing and leave the garment to dry.<\/p>\n<p>Material: Outer material: 100% polyester, lining: 100% polyester, VentAir, WP10 000, MVP10 000<\/p>","protected":false},"excerpt":{"rendered":"<p>North Shore bietet Allwetter Schutz auf h\u00f6chstem Level. Das 3 Lagen Material maximiert den Schutz vor Regen und Wind, w\u00e4hrend das Rundum Stretch Gewebe maximale Flexibilit\u00e4t und Bewegungsfreiheit bietet. Ausgestattet mit technischen Features sind diese vielseitigen North Shore Hosen ideal auf der Golfrunden oder allen anderen Outdoor Aktivit\u00e4ten. Front- und Ges\u00e4sstaschen helfen Ihnen Schl\u00fcssel, Telefon, [&hellip;]<\/p>\n","protected":false},"featured_media":501191,"template":"","meta":[],"product_brand":[],"product_cat":[4185],"product_tag":[],"class_list":{"0":"post-501162","1":"product","2":"type-product","3":"status-publish","4":"has-post-thumbnail","6":"product_cat-hosen","7":"pa_brand-cutter-buck","8":"pa_brand-type-sportswear","9":"pa_filter-color-blau","10":"pa_filter-color-schwarz","12":"first","13":"instock","14":"sale","15":"taxable","16":"shipping-taxable","17":"purchasable","18":"product-type-variable","19":"add-to-wishlist-before_image"},"exclude_global_add_ons":[],"addons":[],"acf":[],"_links":{"self":[{"href":"https:\/\/shop.kustom.ch\/en\/wp-json\/wp\/v2\/product\/501162"}],"collection":[{"href":"https:\/\/shop.kustom.ch\/en\/wp-json\/wp\/v2\/product"}],"about":[{"href":"https:\/\/shop.kustom.ch\/en\/wp-json\/wp\/v2\/types\/product"}],"wp:featuredmedia":[{"embeddable":true,"href":"https:\/\/shop.kustom.ch\/en\/wp-json\/wp\/v2\/media\/501191"}],"wp:attachment":[{"href":"https:\/\/shop.kustom.ch\/en\/wp-json\/wp\/v2\/media?parent=501162"}],"wp:term":[{"taxonomy":"product_brand","embeddable":true,"href":"https:\/\/shop.kustom.ch\/en\/wp-json\/wp\/v2\/product_brand?post=501162"},{"taxonomy":"product_cat","embeddable":true,"href":"https:\/\/shop.kustom.ch\/en\/wp-json\/wp\/v2\/product_cat?post=501162"},{"taxonomy":"product_tag","embeddable":true,"href":"https:\/\/shop.kustom.ch\/en\/wp-json\/wp\/v2\/product_tag?post=501162"}],"curies":[{"name":"wp","href":"https:\/\/api.w.org\/{rel}","templated":true}]}}