{"id":501024,"date":"2025-01-24T23:39:22","date_gmt":"2025-01-24T22:39:22","guid":{"rendered":"https:\/\/shop.kustom.ch\/?post_type=product&#038;p=501024"},"modified":"2026-03-31T11:48:17","modified_gmt":"2026-03-31T10:48:17","slug":"navigate-softshell-jacket-ladies","status":"publish","type":"product","link":"https:\/\/shop.kustom.ch\/en\/product\/navigate-softshell-jacket-ladies\/","title":{"rendered":"Navigate Softshell Jacket Ladies"},"content":{"rendered":"<p>The eye-catching melange side panels draw attention to themselves and the soft, stretchy material gives you complete freedom of movement. The CB WeatherTec\u2122 fabric offers resistance to all weather conditions you may encounter on your way to work or during an outdoor activity.  Reflective print on the side panels helps you stay safe in low light conditions.<\/p>\n<p>Material: Outer material 1: 100% polyester, outer material 2: 96% polyester, 4% elastane, lining: 100% polyester<br \/>\nCB WeatherTec\u2122 WP5000, YKK\u00ae Zippers<\/p>","protected":false},"excerpt":{"rendered":"<p>Die auff\u00e4lligen Seitenteile in Melange ziehen die Aufmerksamkeit auf sich und das weiche, dehnbare Material l\u00e4sst Ihnen volle Bewegungsfreiheit. Das CB WeatherTec\u2122 Gewebe bietet Widerstand gegen alle Witterungseinfl\u00fcsse, denen Sie auf Ihrem Weg zur Arbeit oder bei einer Outdoor Aktivit\u00e4t begegnen. Reflektierender Druck auf den Seitenteilen hilft Ihnen, auch bei schlechten Lichtverh\u00e4ltnissen sicher zu sein. [&hellip;]<\/p>\n","protected":false},"featured_media":501039,"template":"","meta":[],"product_brand":[],"product_cat":[4186],"product_tag":[],"class_list":{"0":"post-501024","1":"product","2":"type-product","3":"status-publish","4":"has-post-thumbnail","6":"product_cat-jacken","7":"pa_brand-cutter-buck","8":"pa_brand-type-sportswear","9":"pa_filter-color-blau","10":"pa_filter-color-schwarz","11":"pa_filter-color-weiss","13":"first","14":"instock","15":"sale","16":"taxable","17":"shipping-taxable","18":"purchasable","19":"product-type-variable","20":"add-to-wishlist-before_image"},"exclude_global_add_ons":[],"addons":[],"acf":[],"_links":{"self":[{"href":"https:\/\/shop.kustom.ch\/en\/wp-json\/wp\/v2\/product\/501024"}],"collection":[{"href":"https:\/\/shop.kustom.ch\/en\/wp-json\/wp\/v2\/product"}],"about":[{"href":"https:\/\/shop.kustom.ch\/en\/wp-json\/wp\/v2\/types\/product"}],"wp:featuredmedia":[{"embeddable":true,"href":"https:\/\/shop.kustom.ch\/en\/wp-json\/wp\/v2\/media\/501039"}],"wp:attachment":[{"href":"https:\/\/shop.kustom.ch\/en\/wp-json\/wp\/v2\/media?parent=501024"}],"wp:term":[{"taxonomy":"product_brand","embeddable":true,"href":"https:\/\/shop.kustom.ch\/en\/wp-json\/wp\/v2\/product_brand?post=501024"},{"taxonomy":"product_cat","embeddable":true,"href":"https:\/\/shop.kustom.ch\/en\/wp-json\/wp\/v2\/product_cat?post=501024"},{"taxonomy":"product_tag","embeddable":true,"href":"https:\/\/shop.kustom.ch\/en\/wp-json\/wp\/v2\/product_tag?post=501024"}],"curies":[{"name":"wp","href":"https:\/\/api.w.org\/{rel}","templated":true}]}}