{"id":500957,"date":"2025-01-24T23:39:02","date_gmt":"2025-01-24T22:39:02","guid":{"rendered":"https:\/\/shop.kustom.ch\/?post_type=product&#038;p=500957"},"modified":"2026-03-31T11:34:02","modified_gmt":"2026-03-31T10:34:02","slug":"mount-adams-jkt-men","status":"publish","type":"product","link":"https:\/\/shop.kustom.ch\/en\/product\/mount-adams-jkt-men\/","title":{"rendered":"Mount Adams Jkt Men"},"content":{"rendered":"<p>Our iconic Mount Adams jacket is made from recycled nylon fabric and is the perfect piece for both urban and natural environments. The jacket is filled with Gold Insulation Luxe\u2122 by Primaloft\u00ae, a 100% recycled material. It consists of small, silky feathers made from synthetic fibres that mimic the lightweight warmth, softness and compressibility of natural goose down with the superior performance of Primaloft\u00ae. The jacket is lightweight yet provides warmth while retaining its loft, even in wet conditions. The hood can be easily zipped off and the jacket is equipped with two front pockets and an additional chest pocket. There is a print area for the customer's logo on the front of the chest.<\/p>\n<p>Material: Material: 100% Reycling nylon. Lining: 100% Reycling nylon<\/p>","protected":false},"excerpt":{"rendered":"<p>Unsere ikonische Mount Adams Jacke besteht aus recyceltem Nylongewebe und ist das perfekte St\u00fcck sowohl f\u00fcr st\u00e4dtische als auch f\u00fcr nat\u00fcrliche Umgebungen. Die Jacke ist mit Gold Insulation Luxe\u2122 von Primaloft\u00ae gef\u00fcllt, einem zu 100% aus recyceltem Material. Es besteht aus kleinen, seidigen Federn aus synthetischen Fasern, die die leichte W\u00e4rme, Weichheit und Komprimierbarkeit von [&hellip;]<\/p>\n","protected":false},"featured_media":501004,"template":"","meta":[],"product_brand":[],"product_cat":[4186],"product_tag":[],"class_list":{"0":"post-500957","1":"product","2":"type-product","3":"status-publish","4":"has-post-thumbnail","6":"product_cat-jacken","7":"pa_brand-cutter-buck","8":"pa_brand-type-sportswear","9":"pa_filter-color-blau","10":"pa_filter-color-gruen","11":"pa_filter-color-orange","12":"pa_filter-color-schwarz","14":"first","15":"instock","16":"sale","17":"taxable","18":"shipping-taxable","19":"purchasable","20":"product-type-variable","21":"add-to-wishlist-before_image"},"exclude_global_add_ons":[],"addons":[],"acf":[],"_links":{"self":[{"href":"https:\/\/shop.kustom.ch\/en\/wp-json\/wp\/v2\/product\/500957"}],"collection":[{"href":"https:\/\/shop.kustom.ch\/en\/wp-json\/wp\/v2\/product"}],"about":[{"href":"https:\/\/shop.kustom.ch\/en\/wp-json\/wp\/v2\/types\/product"}],"wp:featuredmedia":[{"embeddable":true,"href":"https:\/\/shop.kustom.ch\/en\/wp-json\/wp\/v2\/media\/501004"}],"wp:attachment":[{"href":"https:\/\/shop.kustom.ch\/en\/wp-json\/wp\/v2\/media?parent=500957"}],"wp:term":[{"taxonomy":"product_brand","embeddable":true,"href":"https:\/\/shop.kustom.ch\/en\/wp-json\/wp\/v2\/product_brand?post=500957"},{"taxonomy":"product_cat","embeddable":true,"href":"https:\/\/shop.kustom.ch\/en\/wp-json\/wp\/v2\/product_cat?post=500957"},{"taxonomy":"product_tag","embeddable":true,"href":"https:\/\/shop.kustom.ch\/en\/wp-json\/wp\/v2\/product_tag?post=500957"}],"curies":[{"name":"wp","href":"https:\/\/api.w.org\/{rel}","templated":true}]}}