{"id":500003,"date":"2025-01-24T23:34:31","date_gmt":"2025-01-24T22:34:31","guid":{"rendered":"https:\/\/shop.kustom.ch\/?post_type=product&#038;p=500003"},"modified":"2026-03-31T11:46:20","modified_gmt":"2026-03-31T10:46:20","slug":"ellensburg-denim-shirt-ladies","status":"publish","type":"product","link":"https:\/\/shop.kustom.ch\/en\/product\/ellensburg-denim-shirt-ladies\/","title":{"rendered":"Ellensburg Denim shirt Ladies"},"content":{"rendered":"<p>Denim shirt made from soft and durable indigo-dyed denim fabric. Perfect fit with a modern shaped collar. This garment defines the modern dress code. With its western roots, Ellensburg combines original denim shirt details and modern design. Men's shirt with breast pocket on the left side. Oeko-Tex certified.<\/p>\n<p>Material: 100% cotton<\/p>","protected":false},"excerpt":{"rendered":"<p>Jeanshemd aus weichem und strapazierf\u00e4higem indigogef\u00e4rbtem Denim Stoff. Optimale Passform mit einem modern geformten Kragen. Dieses Kleidungsst\u00fcck definiert den modernen Dress Code. Mit seinen westlichen Wurzeln kombiniert Ellensburg originale Jeanshemddetails und modernes Design. Herrenhemd mit Brusttasche auf der linken Seite. Oeko-Tex zertifiziert. Material: 100% Baumwolle<\/p>","protected":false},"featured_media":500039,"template":"","meta":[],"product_brand":[],"product_cat":[9895],"product_tag":[],"class_list":{"0":"post-500003","1":"product","2":"type-product","3":"status-publish","4":"has-post-thumbnail","6":"product_cat-blusen","7":"pa_brand-cutter-buck","8":"pa_brand-type-sportswear","9":"pa_filter-color-blau","10":"pa_filter-color-grau","12":"first","13":"instock","14":"sale","15":"taxable","16":"shipping-taxable","17":"purchasable","18":"product-type-variable","19":"add-to-wishlist-before_image"},"exclude_global_add_ons":[],"addons":[],"acf":[],"_links":{"self":[{"href":"https:\/\/shop.kustom.ch\/en\/wp-json\/wp\/v2\/product\/500003"}],"collection":[{"href":"https:\/\/shop.kustom.ch\/en\/wp-json\/wp\/v2\/product"}],"about":[{"href":"https:\/\/shop.kustom.ch\/en\/wp-json\/wp\/v2\/types\/product"}],"wp:featuredmedia":[{"embeddable":true,"href":"https:\/\/shop.kustom.ch\/en\/wp-json\/wp\/v2\/media\/500039"}],"wp:attachment":[{"href":"https:\/\/shop.kustom.ch\/en\/wp-json\/wp\/v2\/media?parent=500003"}],"wp:term":[{"taxonomy":"product_brand","embeddable":true,"href":"https:\/\/shop.kustom.ch\/en\/wp-json\/wp\/v2\/product_brand?post=500003"},{"taxonomy":"product_cat","embeddable":true,"href":"https:\/\/shop.kustom.ch\/en\/wp-json\/wp\/v2\/product_cat?post=500003"},{"taxonomy":"product_tag","embeddable":true,"href":"https:\/\/shop.kustom.ch\/en\/wp-json\/wp\/v2\/product_tag?post=500003"}],"curies":[{"name":"wp","href":"https:\/\/api.w.org\/{rel}","templated":true}]}}