{"id":499937,"date":"2025-01-24T23:34:15","date_gmt":"2025-01-24T22:34:15","guid":{"rendered":"https:\/\/shop.kustom.ch\/?post_type=product&#038;p=499937"},"modified":"2026-03-31T11:33:51","modified_gmt":"2026-03-31T10:33:51","slug":"edgemont-chinos-ladies","status":"publish","type":"product","link":"https:\/\/shop.kustom.ch\/en\/product\/edgemont-chinos-ladies\/","title":{"rendered":"Edgemont Chinos Ladies"},"content":{"rendered":"<p>Made from a blend of high quality materials, these trousers are made from cotton, viscose and elastane to ensure a perfect balance between softness and durability. The stretchy and lightweight nature of the fabric allows for ultimate flexibility, making these chinos ideal for any occasion. Men's trousers are available in three different inseam lengths to ensure a tailored fit for every body type. For our women's chinos, there is a full-length inseam that offers a chic and elegant look.<\/p>\n<p>Material: 70% cotton, 25% viscose, 5% elastane<\/p>","protected":false},"excerpt":{"rendered":"<p>Hergestellt aus einer Mischung hochwertiger Materialien bestehen diese Hosen aus Baumwolle, Viskose und Elastan, um ein perfektes Gleichgewicht zwischen Weichheit und Haltbarkeit zu gew\u00e4hrleisten. Die dehnbare und leichte Beschaffenheit des Stoffs erm\u00f6glicht ultimative Flexibilit\u00e4t und macht diese Chinos f\u00fcr jeden Anlass ideal. Herrenhosen sind in drei verschiedenen Schrittl\u00e4ngen erh\u00e4ltlich, um eine massgeschneiderte Passform f\u00fcr jeden [&hellip;]<\/p>\n","protected":false},"featured_media":499951,"template":"","meta":[],"product_brand":[],"product_cat":[4185],"product_tag":[],"class_list":{"0":"post-499937","1":"product","2":"type-product","3":"status-publish","4":"has-post-thumbnail","6":"product_cat-hosen","7":"pa_brand-cutter-buck","8":"pa_brand-type-sportswear","9":"pa_filter-color-beige","10":"pa_filter-color-blau","11":"pa_filter-color-schwarz","13":"first","14":"instock","15":"sale","16":"taxable","17":"shipping-taxable","18":"purchasable","19":"product-type-variable","20":"add-to-wishlist-before_image"},"exclude_global_add_ons":[],"addons":[],"acf":[],"_links":{"self":[{"href":"https:\/\/shop.kustom.ch\/en\/wp-json\/wp\/v2\/product\/499937"}],"collection":[{"href":"https:\/\/shop.kustom.ch\/en\/wp-json\/wp\/v2\/product"}],"about":[{"href":"https:\/\/shop.kustom.ch\/en\/wp-json\/wp\/v2\/types\/product"}],"wp:featuredmedia":[{"embeddable":true,"href":"https:\/\/shop.kustom.ch\/en\/wp-json\/wp\/v2\/media\/499951"}],"wp:attachment":[{"href":"https:\/\/shop.kustom.ch\/en\/wp-json\/wp\/v2\/media?parent=499937"}],"wp:term":[{"taxonomy":"product_brand","embeddable":true,"href":"https:\/\/shop.kustom.ch\/en\/wp-json\/wp\/v2\/product_brand?post=499937"},{"taxonomy":"product_cat","embeddable":true,"href":"https:\/\/shop.kustom.ch\/en\/wp-json\/wp\/v2\/product_cat?post=499937"},{"taxonomy":"product_tag","embeddable":true,"href":"https:\/\/shop.kustom.ch\/en\/wp-json\/wp\/v2\/product_tag?post=499937"}],"curies":[{"name":"wp","href":"https:\/\/api.w.org\/{rel}","templated":true}]}}