{"id":499663,"date":"2025-01-24T23:32:52","date_gmt":"2025-01-24T22:32:52","guid":{"rendered":"https:\/\/shop.kustom.ch\/?post_type=product&#038;p=499663"},"modified":"2026-03-31T11:31:51","modified_gmt":"2026-03-31T10:31:51","slug":"cascade-sherpa-fleece-ladies","status":"publish","type":"product","link":"https:\/\/shop.kustom.ch\/en\/product\/cascade-sherpa-fleece-ladies\/","title":{"rendered":"Cascade Sherpa Fleece Ladies"},"content":{"rendered":"<p>Made from recycled plastic bottles after consumer recycling, the Cascade Sherpa Fleece Jacket works for harmony between nature and business. Constructed for exceptional warmth and versatility, it's designed to be your favourite jacket for golfing, skiing, hiking, boating, working, travelling or weekend getaways. Our high quality and warm fleece jacket is incredibly comfortable, with brushed fleece inside for a cosy feel, while remaining breathable so you can be active and stay warm without sacrificing quality and craftsmanship.<br \/>\ng\/m2 : Men M = 476g ; Men S = 446 g; Women; M = 422 ; Women S = 390<\/p>\n<p>Material: 71% recycled polyester, 29% polyester sherpa fleece<\/p>","protected":false},"excerpt":{"rendered":"<p>Hergestellt aus recycelten Plastikflaschen nach Verbraucherrecycling, arbeitet die Cascade Sherpa Fleece Jacke f\u00fcr Harmonie zwischen Natur und Gesch\u00e4ft. Konstruiert f\u00fcr aussergew\u00f6hnliche W\u00e4rme und Vielseitigkeit, wurde sie entwickelt, um Ihre Lieblingsjacke zum Golfen, Skifahren, Wandern, Bootfahren, Arbeiten, Reisen oder f\u00fcr Wochenendausfl\u00fcge zu sein. Unsere hochwertige und warmen Fleecejacke ist unglaublich bequem, mit geb\u00fcrstetem Fleece innen f\u00fcr [&hellip;]<\/p>\n","protected":false},"featured_media":499719,"template":"","meta":[],"product_brand":[],"product_cat":[4186],"product_tag":[],"class_list":{"0":"post-499663","1":"product","2":"type-product","3":"status-publish","4":"has-post-thumbnail","6":"product_cat-jacken","7":"pa_brand-cutter-buck","8":"pa_brand-type-sportswear","9":"pa_filter-color-blau","10":"pa_filter-color-weiss","12":"first","13":"instock","14":"sale","15":"taxable","16":"shipping-taxable","17":"purchasable","18":"product-type-variable","19":"add-to-wishlist-before_image"},"exclude_global_add_ons":[],"addons":[],"acf":[],"_links":{"self":[{"href":"https:\/\/shop.kustom.ch\/en\/wp-json\/wp\/v2\/product\/499663"}],"collection":[{"href":"https:\/\/shop.kustom.ch\/en\/wp-json\/wp\/v2\/product"}],"about":[{"href":"https:\/\/shop.kustom.ch\/en\/wp-json\/wp\/v2\/types\/product"}],"wp:featuredmedia":[{"embeddable":true,"href":"https:\/\/shop.kustom.ch\/en\/wp-json\/wp\/v2\/media\/499719"}],"wp:attachment":[{"href":"https:\/\/shop.kustom.ch\/en\/wp-json\/wp\/v2\/media?parent=499663"}],"wp:term":[{"taxonomy":"product_brand","embeddable":true,"href":"https:\/\/shop.kustom.ch\/en\/wp-json\/wp\/v2\/product_brand?post=499663"},{"taxonomy":"product_cat","embeddable":true,"href":"https:\/\/shop.kustom.ch\/en\/wp-json\/wp\/v2\/product_cat?post=499663"},{"taxonomy":"product_tag","embeddable":true,"href":"https:\/\/shop.kustom.ch\/en\/wp-json\/wp\/v2\/product_tag?post=499663"}],"curies":[{"name":"wp","href":"https:\/\/api.w.org\/{rel}","templated":true}]}}