{"id":499527,"date":"2025-01-24T23:32:14","date_gmt":"2025-01-24T22:32:14","guid":{"rendered":"https:\/\/shop.kustom.ch\/?post_type=product&#038;p=499527"},"modified":"2026-03-31T11:36:55","modified_gmt":"2026-03-31T10:36:55","slug":"bonney-lake-long-pants-ladies","status":"publish","type":"product","link":"https:\/\/shop.kustom.ch\/en\/product\/bonney-lake-long-pants-ladies\/","title":{"rendered":"Bonney Lake Long Pants Ladies"},"content":{"rendered":"<p>From the golf course to the office, the Bonney Lake Long Pants will give you the edge, now available in a full length. They offer moisture wicking with CB DryTec Twill, UPF 50+ and 4-way stretch to move with you, staying cool, dry, agile and protected from the sun. The comfortable waistband has a flattering fit and the invisible front zip pockets give you a sleek look while stowing your essentials. In addition, a hidden zip has been added to the side seam.<\/p>\n<p>Material: 86% recycled polyester, 14% elastane<\/p>","protected":false},"excerpt":{"rendered":"<p>Von Golfplatz bis B\u00fcro, die Bonney Lake Long Pants werden Ihnen den entscheidenden Vorteil verschaffen, jetzt in einer vollst\u00e4ndigen L\u00e4nge erh\u00e4ltlich. Sie bieten Feuchtigkeitsableitung mit CB DryTec Twill, UPF 50+ und 4-Wege-Stretch, um sich mit Ihnen zu bewegen, k\u00fchl, trocken, agil und vor der Sonne gesch\u00fctzt zu bleiben. Der bequeme Bund hat eine schmeichelhafte Passform [&hellip;]<\/p>\n","protected":false},"featured_media":499537,"template":"","meta":[],"product_brand":[],"product_cat":[4185],"product_tag":[],"class_list":{"0":"post-499527","1":"product","2":"type-product","3":"status-publish","4":"has-post-thumbnail","6":"product_cat-hosen","7":"pa_brand-cutter-buck","8":"pa_brand-type-sportswear","9":"pa_filter-color-blau","10":"pa_filter-color-schwarz","12":"first","13":"instock","14":"sale","15":"taxable","16":"shipping-taxable","17":"purchasable","18":"product-type-variable","19":"add-to-wishlist-before_image"},"exclude_global_add_ons":[],"addons":[],"acf":[],"_links":{"self":[{"href":"https:\/\/shop.kustom.ch\/en\/wp-json\/wp\/v2\/product\/499527"}],"collection":[{"href":"https:\/\/shop.kustom.ch\/en\/wp-json\/wp\/v2\/product"}],"about":[{"href":"https:\/\/shop.kustom.ch\/en\/wp-json\/wp\/v2\/types\/product"}],"wp:featuredmedia":[{"embeddable":true,"href":"https:\/\/shop.kustom.ch\/en\/wp-json\/wp\/v2\/media\/499537"}],"wp:attachment":[{"href":"https:\/\/shop.kustom.ch\/en\/wp-json\/wp\/v2\/media?parent=499527"}],"wp:term":[{"taxonomy":"product_brand","embeddable":true,"href":"https:\/\/shop.kustom.ch\/en\/wp-json\/wp\/v2\/product_brand?post=499527"},{"taxonomy":"product_cat","embeddable":true,"href":"https:\/\/shop.kustom.ch\/en\/wp-json\/wp\/v2\/product_cat?post=499527"},{"taxonomy":"product_tag","embeddable":true,"href":"https:\/\/shop.kustom.ch\/en\/wp-json\/wp\/v2\/product_tag?post=499527"}],"curies":[{"name":"wp","href":"https:\/\/api.w.org\/{rel}","templated":true}]}}