{"id":499251,"date":"2025-01-24T23:31:07","date_gmt":"2025-01-24T22:31:07","guid":{"rendered":"https:\/\/shop.kustom.ch\/?post_type=product&#038;p=499251"},"modified":"2026-03-31T11:43:23","modified_gmt":"2026-03-31T10:43:23","slug":"belfair-oxford-shirt-men","status":"publish","type":"product","link":"https:\/\/shop.kustom.ch\/en\/product\/belfair-oxford-shirt-men\/","title":{"rendered":"Belfair Oxford Shirt Men"},"content":{"rendered":"<p>Belfair is a newly developed Oxford shirt with a traditional button down collar combined with stylish details. High quality cotton with a super soft feel for a comfortable wear. Men's shirt double needle side seam, women's shirt five needle side seam for a shaped waist line. This essential garment conveys lightness, comfort and a smart look.<\/p>\n<p>Material: 100% cotton<\/p>","protected":false},"excerpt":{"rendered":"<p>Belfair ist ein neu entwickeltes Oxford Hemd mit traditionellen Button Down Kragen kombiniert mit stilvollen Details. Hochwertige Baumwolle mit superweicher Haptik f\u00fcr ein komfortables Tragegef\u00fchl. Herrenhemd Doppelnadel Seitennaht, Damenshirtf f\u00fcnf Nadel Seitennaht f\u00fcr eine geformte Taillenlinie. Dieses unverzichtbare Kleidungsst\u00fcck vermittelt Leichtigkeit, Komfort und eine adrette Optik. Material: 100% Baumwolle<\/p>","protected":false},"featured_media":499290,"template":"","meta":[],"product_brand":[],"product_cat":[9874],"product_tag":[],"class_list":{"0":"post-499251","1":"product","2":"type-product","3":"status-publish","4":"has-post-thumbnail","6":"product_cat-hemden","7":"pa_brand-cutter-buck","8":"pa_brand-type-sportswear","9":"pa_filter-color-blau","10":"pa_filter-color-grau","11":"pa_filter-color-pink","12":"pa_filter-color-rot","13":"pa_filter-color-schwarz","14":"pa_filter-color-weiss","16":"first","17":"instock","18":"sale","19":"taxable","20":"shipping-taxable","21":"purchasable","22":"product-type-variable","23":"add-to-wishlist-before_image"},"exclude_global_add_ons":[],"addons":[],"acf":[],"_links":{"self":[{"href":"https:\/\/shop.kustom.ch\/en\/wp-json\/wp\/v2\/product\/499251"}],"collection":[{"href":"https:\/\/shop.kustom.ch\/en\/wp-json\/wp\/v2\/product"}],"about":[{"href":"https:\/\/shop.kustom.ch\/en\/wp-json\/wp\/v2\/types\/product"}],"wp:featuredmedia":[{"embeddable":true,"href":"https:\/\/shop.kustom.ch\/en\/wp-json\/wp\/v2\/media\/499290"}],"wp:attachment":[{"href":"https:\/\/shop.kustom.ch\/en\/wp-json\/wp\/v2\/media?parent=499251"}],"wp:term":[{"taxonomy":"product_brand","embeddable":true,"href":"https:\/\/shop.kustom.ch\/en\/wp-json\/wp\/v2\/product_brand?post=499251"},{"taxonomy":"product_cat","embeddable":true,"href":"https:\/\/shop.kustom.ch\/en\/wp-json\/wp\/v2\/product_cat?post=499251"},{"taxonomy":"product_tag","embeddable":true,"href":"https:\/\/shop.kustom.ch\/en\/wp-json\/wp\/v2\/product_tag?post=499251"}],"curies":[{"name":"wp","href":"https:\/\/api.w.org\/{rel}","templated":true}]}}