{"id":498976,"date":"2025-01-24T23:29:55","date_gmt":"2025-01-24T22:29:55","guid":{"rendered":"https:\/\/shop.kustom.ch\/?post_type=product&#038;p=498976"},"modified":"2026-03-31T11:38:32","modified_gmt":"2026-03-31T10:38:32","slug":"advantage-sleeveless-ladies","status":"publish","type":"product","link":"https:\/\/shop.kustom.ch\/en\/product\/advantage-sleeveless-ladies\/","title":{"rendered":"Advantage Sleeveless Ladies"},"content":{"rendered":"<p>Our unique tri-blend cotton, polyester and elastane fabric offers maximum versatility for your active lifestyle. The C&amp;B DryTec Cotton +35 UV protection finish offers a soft feel with a hint of stretch and good moisture wicking, making this polo shirt a desirable garment.  The sleeveless version for women features a fashionable ribbed stand-up collar and an extended button placket. A contemporary companion that feels comfortable on the golf course and in the city.<\/p>\n<p>Material: 52% cotton, 45% polyester, 3% elastane<\/p>","protected":false},"excerpt":{"rendered":"<p>Unser einzigartiges Tri Blend Material aus Baumwolle, Polyester und Elasthan bietet maximale Vielseitigkeit f\u00fcr Ihren aktiven Lebensstil. Die C&amp;B DryTec Cotton +35 UV Schutz Verarbeitung bietet eine weiche Haptik mit einem Hauch von Stretch und einen guten Feuchtigkeitsabtransport, was dieses Polo Shirt zu einem begehrten Kleidungsst\u00fcck macht. Der \u00c4rmellos Version f\u00fcr die Damen ist mit [&hellip;]<\/p>\n","protected":false},"featured_media":499037,"template":"","meta":[],"product_brand":[],"product_cat":[4193],"product_tag":[],"class_list":{"0":"post-498976","1":"product","2":"type-product","3":"status-publish","4":"has-post-thumbnail","6":"product_cat-polos","7":"pa_brand-cutter-buck","8":"pa_brand-type-sportswear","9":"pa_filter-color-blau","10":"pa_filter-color-rot","11":"pa_filter-color-schwarz","12":"pa_filter-color-weiss","14":"first","15":"instock","16":"sale","17":"taxable","18":"shipping-taxable","19":"purchasable","20":"product-type-variable","21":"add-to-wishlist-before_image"},"exclude_global_add_ons":[],"addons":[],"acf":[],"_links":{"self":[{"href":"https:\/\/shop.kustom.ch\/en\/wp-json\/wp\/v2\/product\/498976"}],"collection":[{"href":"https:\/\/shop.kustom.ch\/en\/wp-json\/wp\/v2\/product"}],"about":[{"href":"https:\/\/shop.kustom.ch\/en\/wp-json\/wp\/v2\/types\/product"}],"wp:featuredmedia":[{"embeddable":true,"href":"https:\/\/shop.kustom.ch\/en\/wp-json\/wp\/v2\/media\/499037"}],"wp:attachment":[{"href":"https:\/\/shop.kustom.ch\/en\/wp-json\/wp\/v2\/media?parent=498976"}],"wp:term":[{"taxonomy":"product_brand","embeddable":true,"href":"https:\/\/shop.kustom.ch\/en\/wp-json\/wp\/v2\/product_brand?post=498976"},{"taxonomy":"product_cat","embeddable":true,"href":"https:\/\/shop.kustom.ch\/en\/wp-json\/wp\/v2\/product_cat?post=498976"},{"taxonomy":"product_tag","embeddable":true,"href":"https:\/\/shop.kustom.ch\/en\/wp-json\/wp\/v2\/product_tag?post=498976"}],"curies":[{"name":"wp","href":"https:\/\/api.w.org\/{rel}","templated":true}]}}