{"id":498975,"date":"2025-01-24T23:29:55","date_gmt":"2025-01-24T22:29:55","guid":{"rendered":"https:\/\/shop.kustom.ch\/?post_type=product&#038;p=498975"},"modified":"2026-03-31T11:38:51","modified_gmt":"2026-03-31T10:38:51","slug":"advantage-shirt-men","status":"publish","type":"product","link":"https:\/\/shop.kustom.ch\/en\/product\/advantage-shirt-men\/","title":{"rendered":"Advantage Shirt Men"},"content":{"rendered":"<p>The iconic Advantage Pique Dress Shirt combines a tri-blend stretch piqu\u00e9 with casual shirt styling for exceptional versatility. It will be your favourite for work, travel or dinner. We designed this hybrid style to give you the ultimate in comfort while keeping you looking good all day long.<\/p>\n<p>Material: 52% cotton, 45% polyester, 3% elastane<\/p>","protected":false},"excerpt":{"rendered":"<p>Das kultige Advantage Pique Dress Hemd kombiniert ein Tri-Blend Stretch Piqu\u00e9 mit einem legeren Shirt Styling f\u00fcr aussergew\u00f6hnliche Vielseitigkeit. Es wird Ihr Favorit f\u00fcr die Arbeit, auf Reisen oder beim Abendessen. Wir haben diesen Hybrid Stil entwickelt, um Ihnen ein H\u00f6chstmass an Komfort zu bieten, w\u00e4hrend Sie den ganzen Tag lang gut aussehen. Material: 52% [&hellip;]<\/p>\n","protected":false},"featured_media":498989,"template":"","meta":[],"product_brand":[],"product_cat":[9874],"product_tag":[],"class_list":{"0":"post-498975","1":"product","2":"type-product","3":"status-publish","4":"has-post-thumbnail","6":"product_cat-hemden","7":"pa_brand-cutter-buck","8":"pa_brand-type-sportswear","9":"pa_filter-color-blau","10":"pa_filter-color-gruen","11":"pa_filter-color-schwarz","12":"pa_filter-color-weiss","14":"first","15":"instock","16":"sale","17":"taxable","18":"shipping-taxable","19":"purchasable","20":"product-type-variable","21":"add-to-wishlist-before_image"},"exclude_global_add_ons":[],"addons":[],"acf":[],"_links":{"self":[{"href":"https:\/\/shop.kustom.ch\/en\/wp-json\/wp\/v2\/product\/498975"}],"collection":[{"href":"https:\/\/shop.kustom.ch\/en\/wp-json\/wp\/v2\/product"}],"about":[{"href":"https:\/\/shop.kustom.ch\/en\/wp-json\/wp\/v2\/types\/product"}],"wp:featuredmedia":[{"embeddable":true,"href":"https:\/\/shop.kustom.ch\/en\/wp-json\/wp\/v2\/media\/498989"}],"wp:attachment":[{"href":"https:\/\/shop.kustom.ch\/en\/wp-json\/wp\/v2\/media?parent=498975"}],"wp:term":[{"taxonomy":"product_brand","embeddable":true,"href":"https:\/\/shop.kustom.ch\/en\/wp-json\/wp\/v2\/product_brand?post=498975"},{"taxonomy":"product_cat","embeddable":true,"href":"https:\/\/shop.kustom.ch\/en\/wp-json\/wp\/v2\/product_cat?post=498975"},{"taxonomy":"product_tag","embeddable":true,"href":"https:\/\/shop.kustom.ch\/en\/wp-json\/wp\/v2\/product_tag?post=498975"}],"curies":[{"name":"wp","href":"https:\/\/api.w.org\/{rel}","templated":true}]}}