{"id":498562,"date":"2025-01-24T23:28:18","date_gmt":"2025-01-24T22:28:18","guid":{"rendered":"https:\/\/shop.kustom.ch\/?post_type=product&#038;p=498562"},"modified":"2026-03-31T11:35:31","modified_gmt":"2026-03-31T10:35:31","slug":"advantage-polo-ladies","status":"publish","type":"product","link":"https:\/\/shop.kustom.ch\/en\/product\/advantage-polo-ladies\/","title":{"rendered":"Advantage Polo Ladies"},"content":{"rendered":"<p>Our unique cotton, polyester and elastane tri-blend polo offers maximum versatility for your active lifestyle. The C&amp;B DryTec Cotton +35 UV protection finish offers a soft feel with a hint of stretch and good moisture wicking, making this polo a desirable garment.  Rounded seams at the shoulders for a better, more modern fit.<\/p>\n<p>Material: 52% cotton, 45% polyester, 3% elastane<\/p>","protected":false},"excerpt":{"rendered":"<p>Unser einzigartiges Tri Blend Polo aus Baumwolle, Polyester und Elasthan bietet maximale Vielseitigkeit f\u00fcr Ihren aktiven Lebensstil. Die C&amp;B DryTec Cotton +35 UV Schutz Verarbeitung bietet eine weiche Haptik mit einem Hauch von Stretch und einen guten Feuchtigkeitsabtransport, was dieses Polo zu einem begehrten Kleidungsst\u00fcck macht. Abgerundete N\u00e4hte an den Schultern f\u00fcr eine bessere, modernere [&hellip;]<\/p>\n","protected":false},"featured_media":498611,"template":"","meta":[],"product_brand":[],"product_cat":[4193],"product_tag":[],"class_list":{"0":"post-498562","1":"product","2":"type-product","3":"status-publish","4":"has-post-thumbnail","6":"product_cat-polos","7":"pa_brand-cutter-buck","8":"pa_brand-type-sportswear","9":"pa_filter-color-blau","10":"pa_filter-color-grau","11":"pa_filter-color-gruen","12":"pa_filter-color-rot","13":"pa_filter-color-schwarz","14":"pa_filter-color-weiss","16":"first","17":"instock","18":"sale","19":"taxable","20":"shipping-taxable","21":"purchasable","22":"product-type-variable","23":"add-to-wishlist-before_image"},"exclude_global_add_ons":[],"addons":[],"acf":[],"_links":{"self":[{"href":"https:\/\/shop.kustom.ch\/en\/wp-json\/wp\/v2\/product\/498562"}],"collection":[{"href":"https:\/\/shop.kustom.ch\/en\/wp-json\/wp\/v2\/product"}],"about":[{"href":"https:\/\/shop.kustom.ch\/en\/wp-json\/wp\/v2\/types\/product"}],"wp:featuredmedia":[{"embeddable":true,"href":"https:\/\/shop.kustom.ch\/en\/wp-json\/wp\/v2\/media\/498611"}],"wp:attachment":[{"href":"https:\/\/shop.kustom.ch\/en\/wp-json\/wp\/v2\/media?parent=498562"}],"wp:term":[{"taxonomy":"product_brand","embeddable":true,"href":"https:\/\/shop.kustom.ch\/en\/wp-json\/wp\/v2\/product_brand?post=498562"},{"taxonomy":"product_cat","embeddable":true,"href":"https:\/\/shop.kustom.ch\/en\/wp-json\/wp\/v2\/product_cat?post=498562"},{"taxonomy":"product_tag","embeddable":true,"href":"https:\/\/shop.kustom.ch\/en\/wp-json\/wp\/v2\/product_tag?post=498562"}],"curies":[{"name":"wp","href":"https:\/\/api.w.org\/{rel}","templated":true}]}}