{"id":498493,"date":"2025-01-24T23:27:57","date_gmt":"2025-01-24T22:27:57","guid":{"rendered":"https:\/\/shop.kustom.ch\/?post_type=product&#038;p=498493"},"modified":"2026-03-31T11:40:13","modified_gmt":"2026-03-31T10:40:13","slug":"advantage-leisure-shirt-men","status":"publish","type":"product","link":"https:\/\/shop.kustom.ch\/en\/product\/advantage-leisure-shirt-men\/","title":{"rendered":"Advantage Leisure shirt Men"},"content":{"rendered":"<p>Expand your wardrobe with our Advantage Leisure Shirt, perfect for adding a stylish touch to any outfit. With a relaxed fit, this piece suits any occasion and offers ultimate comfort and a casual look. Made from our innovative Advantage blend of cotton, recycled polyester and elastane, it ensures durability and flexibility. Combine it with our chinos and a Manzanita T-shirt for a casual but fashionable look. This exceptional overshirt combines trendy design with a deep commitment to sustainability.<\/p>\n<p>Material: 50% cotton, 45% recycled polyester, 5% spandex<\/p>","protected":false},"excerpt":{"rendered":"<p>Erweitern Sie Ihre Garderobe mit unserem Advantage Leisure Shirt, perfekt, um jedem Outfit eine stilvolle Note hinzuzuf\u00fcgen. Mit einer lockeren Passform passt dieses St\u00fcck zu jeder Gelegenheit und bietet ultimativen Komfort und einen l\u00e4ssigen Look. Hergestellt aus unserem innovativen Advantage-Blend aus Baumwolle, recyceltem Polyester und Elastan gew\u00e4hrleistet es Langlebigkeit und Flexibilit\u00e4t. Kombinieren Sie es mit [&hellip;]<\/p>\n","protected":false},"featured_media":498539,"template":"","meta":[],"product_brand":[],"product_cat":[9874],"product_tag":[],"class_list":{"0":"post-498493","1":"product","2":"type-product","3":"status-publish","4":"has-post-thumbnail","6":"product_cat-hemden","7":"pa_brand-cutter-buck","8":"pa_brand-type-sportswear","9":"pa_filter-color-beige","10":"pa_filter-color-blau","11":"pa_filter-color-schwarz","13":"first","14":"instock","15":"sale","16":"taxable","17":"shipping-taxable","18":"purchasable","19":"product-type-variable","20":"add-to-wishlist-before_image"},"exclude_global_add_ons":[],"addons":[],"acf":[],"_links":{"self":[{"href":"https:\/\/shop.kustom.ch\/en\/wp-json\/wp\/v2\/product\/498493"}],"collection":[{"href":"https:\/\/shop.kustom.ch\/en\/wp-json\/wp\/v2\/product"}],"about":[{"href":"https:\/\/shop.kustom.ch\/en\/wp-json\/wp\/v2\/types\/product"}],"wp:featuredmedia":[{"embeddable":true,"href":"https:\/\/shop.kustom.ch\/en\/wp-json\/wp\/v2\/media\/498539"}],"wp:attachment":[{"href":"https:\/\/shop.kustom.ch\/en\/wp-json\/wp\/v2\/media?parent=498493"}],"wp:term":[{"taxonomy":"product_brand","embeddable":true,"href":"https:\/\/shop.kustom.ch\/en\/wp-json\/wp\/v2\/product_brand?post=498493"},{"taxonomy":"product_cat","embeddable":true,"href":"https:\/\/shop.kustom.ch\/en\/wp-json\/wp\/v2\/product_cat?post=498493"},{"taxonomy":"product_tag","embeddable":true,"href":"https:\/\/shop.kustom.ch\/en\/wp-json\/wp\/v2\/product_tag?post=498493"}],"curies":[{"name":"wp","href":"https:\/\/api.w.org\/{rel}","templated":true}]}}