{"id":497582,"date":"2025-01-24T22:19:10","date_gmt":"2025-01-24T21:19:10","guid":{"rendered":"https:\/\/shop.kustom.ch\/?post_type=product&#038;p=497582"},"modified":"2026-03-31T10:21:03","modified_gmt":"2026-03-31T09:21:03","slug":"t-shirt-long-sleeve-lady","status":"publish","type":"product","link":"https:\/\/shop.kustom.ch\/en\/product\/t-shirt-long-sleeve-lady\/","title":{"rendered":"T-shirt Long Sleeve Lady"},"content":{"rendered":"<p>Long-sleeved T-shirt for men and women. Slightly thinner and with a more modern cut and ribbed collar. Made from fine cotton of the highest quality.<\/p>\n<p>Material: 100% organically grown Fairtrade cotton<\/p>","protected":false},"excerpt":{"rendered":"<p>Langarm-T-Shirt f\u00fcr Herren und Damen. Etwas d\u00fcnner und mit modernerem Schnitt und geripptem Kragen. Aus feiner Baumwolle h\u00f6chster Qualit\u00e4t. Material: 100% \u00f6kologisch angebaute Baumwolle Fairtrade<\/p>","protected":false},"featured_media":497640,"template":"","meta":[],"product_brand":[],"product_cat":[4201],"product_tag":[],"class_list":{"0":"post-497582","1":"product","2":"type-product","3":"status-publish","4":"has-post-thumbnail","6":"product_cat-t-shirts","7":"pa_brand-cottover","8":"pa_brand-type-sportswear","9":"pa_filter-color-blau","10":"pa_filter-color-gelb","11":"pa_filter-color-grau","12":"pa_filter-color-gruen","13":"pa_filter-color-orange","14":"pa_filter-color-pink","15":"pa_filter-color-rot","16":"pa_filter-color-schwarz","17":"pa_filter-color-violet","18":"pa_filter-color-weiss","20":"first","21":"instock","22":"sale","23":"taxable","24":"shipping-taxable","25":"purchasable","26":"product-type-variable","27":"add-to-wishlist-before_image"},"exclude_global_add_ons":[],"addons":[],"acf":[],"_links":{"self":[{"href":"https:\/\/shop.kustom.ch\/en\/wp-json\/wp\/v2\/product\/497582"}],"collection":[{"href":"https:\/\/shop.kustom.ch\/en\/wp-json\/wp\/v2\/product"}],"about":[{"href":"https:\/\/shop.kustom.ch\/en\/wp-json\/wp\/v2\/types\/product"}],"wp:featuredmedia":[{"embeddable":true,"href":"https:\/\/shop.kustom.ch\/en\/wp-json\/wp\/v2\/media\/497640"}],"wp:attachment":[{"href":"https:\/\/shop.kustom.ch\/en\/wp-json\/wp\/v2\/media?parent=497582"}],"wp:term":[{"taxonomy":"product_brand","embeddable":true,"href":"https:\/\/shop.kustom.ch\/en\/wp-json\/wp\/v2\/product_brand?post=497582"},{"taxonomy":"product_cat","embeddable":true,"href":"https:\/\/shop.kustom.ch\/en\/wp-json\/wp\/v2\/product_cat?post=497582"},{"taxonomy":"product_tag","embeddable":true,"href":"https:\/\/shop.kustom.ch\/en\/wp-json\/wp\/v2\/product_tag?post=497582"}],"curies":[{"name":"wp","href":"https:\/\/api.w.org\/{rel}","templated":true}]}}