{"id":497163,"date":"2025-01-24T22:17:40","date_gmt":"2025-01-24T21:17:40","guid":{"rendered":"https:\/\/shop.kustom.ch\/?post_type=product&#038;p=497163"},"modified":"2026-03-31T10:17:09","modified_gmt":"2026-03-31T09:17:09","slug":"stretch-r-neck-man","status":"publish","type":"product","link":"https:\/\/shop.kustom.ch\/en\/product\/stretch-r-neck-man\/","title":{"rendered":"Stretch R-Neck Man"},"content":{"rendered":"<p>Modern stretch T-shirt for women with a V-neck and men with a round neck. Slim fit. Made from high-quality cotton and with elastane content for optimum comfort and fit.<\/p>\n<p>Material: 96% organically grown Fairtrade cotton, 4% elastane<\/p>","protected":false},"excerpt":{"rendered":"<p>Modernes Stretch T-Shirt f\u00fcr Damen mit V-Neck und Herren mit Rundhals. Slim Fit. Hergestellt aus hochwertiger Baumwolle und mit Elasthan Anteil f\u00fcr besten Komfort und Passform. Material: 96% \u00f6kologisch angebaute Baumwolle Fairtrade, 4% Elasthan<\/p>","protected":false},"featured_media":497206,"template":"","meta":[],"product_brand":[],"product_cat":[4201],"product_tag":[],"class_list":{"0":"post-497163","1":"product","2":"type-product","3":"status-publish","4":"has-post-thumbnail","6":"product_cat-t-shirts","7":"pa_brand-cottover","8":"pa_brand-type-sportswear","9":"pa_filter-color-blau","10":"pa_filter-color-grau","11":"pa_filter-color-rot","12":"pa_filter-color-schwarz","13":"pa_filter-color-weiss","15":"first","16":"instock","17":"sale","18":"taxable","19":"shipping-taxable","20":"purchasable","21":"product-type-variable","22":"add-to-wishlist-before_image"},"exclude_global_add_ons":[],"addons":[],"acf":[],"_links":{"self":[{"href":"https:\/\/shop.kustom.ch\/en\/wp-json\/wp\/v2\/product\/497163"}],"collection":[{"href":"https:\/\/shop.kustom.ch\/en\/wp-json\/wp\/v2\/product"}],"about":[{"href":"https:\/\/shop.kustom.ch\/en\/wp-json\/wp\/v2\/types\/product"}],"wp:featuredmedia":[{"embeddable":true,"href":"https:\/\/shop.kustom.ch\/en\/wp-json\/wp\/v2\/media\/497206"}],"wp:attachment":[{"href":"https:\/\/shop.kustom.ch\/en\/wp-json\/wp\/v2\/media?parent=497163"}],"wp:term":[{"taxonomy":"product_brand","embeddable":true,"href":"https:\/\/shop.kustom.ch\/en\/wp-json\/wp\/v2\/product_brand?post=497163"},{"taxonomy":"product_cat","embeddable":true,"href":"https:\/\/shop.kustom.ch\/en\/wp-json\/wp\/v2\/product_cat?post=497163"},{"taxonomy":"product_tag","embeddable":true,"href":"https:\/\/shop.kustom.ch\/en\/wp-json\/wp\/v2\/product_tag?post=497163"}],"curies":[{"name":"wp","href":"https:\/\/api.w.org\/{rel}","templated":true}]}}