{"id":496544,"date":"2025-01-24T22:15:22","date_gmt":"2025-01-24T21:15:22","guid":{"rendered":"https:\/\/shop.kustom.ch\/?post_type=product&#038;p=496544"},"modified":"2026-03-31T10:18:35","modified_gmt":"2026-03-31T09:18:35","slug":"key-crew-neck-unisex","status":"publish","type":"product","link":"https:\/\/shop.kustom.ch\/en\/product\/key-crew-neck-unisex\/","title":{"rendered":"Key Crew Neck Unisex"},"content":{"rendered":"<p>Well-made jumper made from a pleasant material, soft and with a little more weight, brushed on the inside. Ribbed cuffs 2\u00d72 at the neck, on the sleeves and at the bottom.<\/p>\n<p>Material: 85% organically grown Fairtrade cotton, 15% recycled polyester<\/p>","protected":false},"excerpt":{"rendered":"<p>Gut gemachter Pullover aus einem angenehmen Material, weich und mit etwas mehr Gewicht, innen geb\u00fcrstet. Rippenb\u00fcndchen 2&#215;2 am Hals, an der \u00c4rmeln und am unteren Rand. Material: 85% \u00f6kologisch angebaute Baumwolle Fairtrade, 15% Recycling-Polyester<\/p>","protected":false},"featured_media":496549,"template":"","meta":[],"product_brand":[],"product_cat":[4191],"product_tag":[],"class_list":{"0":"post-496544","1":"product","2":"type-product","3":"status-publish","4":"has-post-thumbnail","6":"product_cat-longsleeves-sweatshirts","7":"pa_brand-cottover","8":"pa_brand-type-sportswear","9":"pa_filter-color-blau","10":"pa_filter-color-gruen","11":"pa_filter-color-rot","12":"pa_filter-color-schwarz","14":"first","15":"instock","16":"sale","17":"taxable","18":"shipping-taxable","19":"purchasable","20":"product-type-variable","21":"add-to-wishlist-before_image"},"exclude_global_add_ons":[],"addons":[],"acf":[],"_links":{"self":[{"href":"https:\/\/shop.kustom.ch\/en\/wp-json\/wp\/v2\/product\/496544"}],"collection":[{"href":"https:\/\/shop.kustom.ch\/en\/wp-json\/wp\/v2\/product"}],"about":[{"href":"https:\/\/shop.kustom.ch\/en\/wp-json\/wp\/v2\/types\/product"}],"wp:featuredmedia":[{"embeddable":true,"href":"https:\/\/shop.kustom.ch\/en\/wp-json\/wp\/v2\/media\/496549"}],"wp:attachment":[{"href":"https:\/\/shop.kustom.ch\/en\/wp-json\/wp\/v2\/media?parent=496544"}],"wp:term":[{"taxonomy":"product_brand","embeddable":true,"href":"https:\/\/shop.kustom.ch\/en\/wp-json\/wp\/v2\/product_brand?post=496544"},{"taxonomy":"product_cat","embeddable":true,"href":"https:\/\/shop.kustom.ch\/en\/wp-json\/wp\/v2\/product_cat?post=496544"},{"taxonomy":"product_tag","embeddable":true,"href":"https:\/\/shop.kustom.ch\/en\/wp-json\/wp\/v2\/product_tag?post=496544"}],"curies":[{"name":"wp","href":"https:\/\/api.w.org\/{rel}","templated":true}]}}