{"id":496131,"date":"2025-01-24T22:13:37","date_gmt":"2025-01-24T21:13:37","guid":{"rendered":"https:\/\/shop.kustom.ch\/?post_type=product&#038;p=496131"},"modified":"2026-03-31T10:21:37","modified_gmt":"2026-03-31T09:21:37","slug":"half-zip-unisex","status":"publish","type":"product","link":"https:\/\/shop.kustom.ch\/en\/product\/half-zip-unisex\/","title":{"rendered":"Half Zip Unisex"},"content":{"rendered":"<p>Sweatshirt with zip at the collar and roughened inside, slightly thinner and with a more modern cut. Only available in unisex size. Stand-up collar in sweatshirt fabric with zip. Two side pockets without zip. Ribbed cuffs 2\u00d72 on the sleeves and at the bottom. Tone-on-tone knitted decorative seams.<\/p>\n<p>Material: 80% organically grown Fairtrade cotton, 20% recycled polyester<\/p>","protected":false},"excerpt":{"rendered":"<p>Sweatshirt mit Reissverschluss am Kragen und gerauter Innenseite, etwas d\u00fcnner und mit modernerem Schnitt. Nur in Unisex Gr\u00f6sse erh\u00e4ltlich. Stehkragen aus Sweatshirt Stoff mit Reissverschluss. Zwei Seitentaschen ohne Reissverschluss. Rippb\u00fcndchen 2&#215;2 an den \u00c4rmeln und am unteren Rand. Gestrickte Ziern\u00e4hte Ton in Ton. Material: 80% \u00f6kologisch angebaute Baumwolle Fairtrade, 20% Recycling-Polyester<\/p>","protected":false},"featured_media":496152,"template":"","meta":[],"product_brand":[],"product_cat":[4191],"product_tag":[],"class_list":{"0":"post-496131","1":"product","2":"type-product","3":"status-publish","4":"has-post-thumbnail","6":"product_cat-longsleeves-sweatshirts","7":"pa_brand-cottover","8":"pa_brand-type-sportswear","9":"pa_filter-color-blau","10":"pa_filter-color-gelb","11":"pa_filter-color-grau","12":"pa_filter-color-gruen","13":"pa_filter-color-orange","14":"pa_filter-color-pink","15":"pa_filter-color-rot","16":"pa_filter-color-schwarz","17":"pa_filter-color-violet","18":"pa_filter-color-weiss","20":"first","21":"instock","22":"sale","23":"taxable","24":"shipping-taxable","25":"purchasable","26":"product-type-variable","27":"add-to-wishlist-before_image"},"exclude_global_add_ons":[],"addons":[],"acf":[],"_links":{"self":[{"href":"https:\/\/shop.kustom.ch\/en\/wp-json\/wp\/v2\/product\/496131"}],"collection":[{"href":"https:\/\/shop.kustom.ch\/en\/wp-json\/wp\/v2\/product"}],"about":[{"href":"https:\/\/shop.kustom.ch\/en\/wp-json\/wp\/v2\/types\/product"}],"wp:featuredmedia":[{"embeddable":true,"href":"https:\/\/shop.kustom.ch\/en\/wp-json\/wp\/v2\/media\/496152"}],"wp:attachment":[{"href":"https:\/\/shop.kustom.ch\/en\/wp-json\/wp\/v2\/media?parent=496131"}],"wp:term":[{"taxonomy":"product_brand","embeddable":true,"href":"https:\/\/shop.kustom.ch\/en\/wp-json\/wp\/v2\/product_brand?post=496131"},{"taxonomy":"product_cat","embeddable":true,"href":"https:\/\/shop.kustom.ch\/en\/wp-json\/wp\/v2\/product_cat?post=496131"},{"taxonomy":"product_tag","embeddable":true,"href":"https:\/\/shop.kustom.ch\/en\/wp-json\/wp\/v2\/product_tag?post=496131"}],"curies":[{"name":"wp","href":"https:\/\/api.w.org\/{rel}","templated":true}]}}