{"id":495994,"date":"2025-01-24T22:13:11","date_gmt":"2025-01-24T21:13:11","guid":{"rendered":"https:\/\/shop.kustom.ch\/?post_type=product&#038;p=495994"},"modified":"2026-03-31T10:15:38","modified_gmt":"2026-03-31T09:15:38","slug":"full-zip-hood-man","status":"publish","type":"product","link":"https:\/\/shop.kustom.ch\/en\/product\/full-zip-hood-man\/","title":{"rendered":"Full Zip Hood Man"},"content":{"rendered":"<p>Jacket made of sweatshirt fabric with roughened inside, for men and women. Slightly thinner and with a more modern cut. Zip fastening and hood with thick cord. Ribbed cuffs 2\u00d72 on the sleeves and at the bottom.<\/p>\n<p>Material: 80% organically grown Fairtrade cotton, 20% recycled polyester<\/p>","protected":false},"excerpt":{"rendered":"<p>Jacke aus Sweatshirt Stoff mit gerauter Innenseite, f\u00fcr Herren und Damen. Etwas d\u00fcnner und mit modernerem Schnitt. Reissverschluss und Kapuze mit dicker Kordel. Rippb\u00fcndchen 2&#215;2 an den \u00c4rmeln und am unteren Rand. Material: 80% \u00f6kologisch angebaute Baumwolle Fairtrade, 20% Recycling-Polyester<\/p>","protected":false},"featured_media":496023,"template":"","meta":[],"product_brand":[],"product_cat":[4184,4191],"product_tag":[],"class_list":{"0":"post-495994","1":"product","2":"type-product","3":"status-publish","4":"has-post-thumbnail","6":"product_cat-hoodies-pullover","7":"product_cat-longsleeves-sweatshirts","8":"pa_brand-cottover","9":"pa_brand-type-sportswear","10":"pa_filter-color-blau","11":"pa_filter-color-gelb","12":"pa_filter-color-grau","13":"pa_filter-color-gruen","14":"pa_filter-color-orange","15":"pa_filter-color-pink","16":"pa_filter-color-rot","17":"pa_filter-color-schwarz","18":"pa_filter-color-violet","19":"pa_filter-color-weiss","21":"first","22":"instock","23":"sale","24":"taxable","25":"shipping-taxable","26":"purchasable","27":"product-type-variable","28":"add-to-wishlist-before_image"},"exclude_global_add_ons":[],"addons":[],"acf":[],"_links":{"self":[{"href":"https:\/\/shop.kustom.ch\/en\/wp-json\/wp\/v2\/product\/495994"}],"collection":[{"href":"https:\/\/shop.kustom.ch\/en\/wp-json\/wp\/v2\/product"}],"about":[{"href":"https:\/\/shop.kustom.ch\/en\/wp-json\/wp\/v2\/types\/product"}],"wp:featuredmedia":[{"embeddable":true,"href":"https:\/\/shop.kustom.ch\/en\/wp-json\/wp\/v2\/media\/496023"}],"wp:attachment":[{"href":"https:\/\/shop.kustom.ch\/en\/wp-json\/wp\/v2\/media?parent=495994"}],"wp:term":[{"taxonomy":"product_brand","embeddable":true,"href":"https:\/\/shop.kustom.ch\/en\/wp-json\/wp\/v2\/product_brand?post=495994"},{"taxonomy":"product_cat","embeddable":true,"href":"https:\/\/shop.kustom.ch\/en\/wp-json\/wp\/v2\/product_cat?post=495994"},{"taxonomy":"product_tag","embeddable":true,"href":"https:\/\/shop.kustom.ch\/en\/wp-json\/wp\/v2\/product_tag?post=495994"}],"curies":[{"name":"wp","href":"https:\/\/api.w.org\/{rel}","templated":true}]}}