{"id":495858,"date":"2025-01-24T22:12:37","date_gmt":"2025-01-24T21:12:37","guid":{"rendered":"https:\/\/shop.kustom.ch\/?post_type=product&#038;p=495858"},"modified":"2026-03-31T10:14:37","modified_gmt":"2026-03-31T09:14:37","slug":"f-terry-pants-man","status":"publish","type":"product","link":"https:\/\/shop.kustom.ch\/en\/product\/f-terry-pants-man\/","title":{"rendered":"F. Terry Pants Man"},"content":{"rendered":"<p>Classic trousers in heavy quality and French terry. Front pockets with 2\u00d72 ribbed cuffs. Elasticated waistband with 2\u00d72 ribbed cuffs and drawstring. All tone on tone. Details in an antique silver metallic colour. Cuffs at the leg ends. Decorative overlock-style seams.<\/p>\n<p>Material: 80% organically grown Fairtrade cotton, 20% recycled polyester<\/p>","protected":false},"excerpt":{"rendered":"<p>Klassische Hose in schwerer Qualit\u00e4t und French Terry. Vordertaschen mit 2&#215;2 Rippenb\u00fcndchen. Elastischer Bund mit 2&#215;2 Rippenb\u00fcndchen und Kordelzug. Alles Ton in Ton. Details in einer antiksilbernen Metallic-Farbe. B\u00fcndchen an den Beinenden. Dekorative N\u00e4hte im Overlock-Stil. Material: 80% \u00f6kologisch angebaute Baumwolle Fairtrade, 20% Recycling-Polyester<\/p>","protected":false},"featured_media":495903,"template":"","meta":[],"product_brand":[],"product_cat":[4185],"product_tag":[],"class_list":{"0":"post-495858","1":"product","2":"type-product","3":"status-publish","4":"has-post-thumbnail","6":"product_cat-hosen","7":"pa_brand-cottover","8":"pa_brand-type-sportswear","9":"pa_filter-color-grau","10":"pa_filter-color-schwarz","12":"first","13":"instock","14":"sale","15":"taxable","16":"shipping-taxable","17":"purchasable","18":"product-type-variable","19":"add-to-wishlist-before_image"},"exclude_global_add_ons":[],"addons":[],"acf":[],"_links":{"self":[{"href":"https:\/\/shop.kustom.ch\/en\/wp-json\/wp\/v2\/product\/495858"}],"collection":[{"href":"https:\/\/shop.kustom.ch\/en\/wp-json\/wp\/v2\/product"}],"about":[{"href":"https:\/\/shop.kustom.ch\/en\/wp-json\/wp\/v2\/types\/product"}],"wp:featuredmedia":[{"embeddable":true,"href":"https:\/\/shop.kustom.ch\/en\/wp-json\/wp\/v2\/media\/495903"}],"wp:attachment":[{"href":"https:\/\/shop.kustom.ch\/en\/wp-json\/wp\/v2\/media?parent=495858"}],"wp:term":[{"taxonomy":"product_brand","embeddable":true,"href":"https:\/\/shop.kustom.ch\/en\/wp-json\/wp\/v2\/product_brand?post=495858"},{"taxonomy":"product_cat","embeddable":true,"href":"https:\/\/shop.kustom.ch\/en\/wp-json\/wp\/v2\/product_cat?post=495858"},{"taxonomy":"product_tag","embeddable":true,"href":"https:\/\/shop.kustom.ch\/en\/wp-json\/wp\/v2\/product_tag?post=495858"}],"curies":[{"name":"wp","href":"https:\/\/api.w.org\/{rel}","templated":true}]}}