{"id":495789,"date":"2025-01-24T22:12:17","date_gmt":"2025-01-24T21:12:17","guid":{"rendered":"https:\/\/shop.kustom.ch\/?post_type=product&#038;p=495789"},"modified":"2026-03-31T10:19:33","modified_gmt":"2026-03-31T09:19:33","slug":"f-terry-fz-hood-lady","status":"publish","type":"product","link":"https:\/\/shop.kustom.ch\/en\/product\/f-terry-fz-hood-lady\/","title":{"rendered":"F. Terry FZ Hood Lady"},"content":{"rendered":"<p>Classic full zip hoodie in heavy quality and French terry. Ribbed cuffs 2\u00d72 on the sleeves and at the bottom. Hood with double stitching and drawstring. YKK zip in silver look. Side pockets with zip.<\/p>\n<p>Material: 80% organically grown Fairtrade cotton<br \/>\n20% recycled polyester<br \/>\nColour 955:<br \/>\n80% organically grown cotton Fairtrade<br \/>\n14% recycled polyester, 6% viscose<\/p>","protected":false},"excerpt":{"rendered":"<p>Klassischer Full Zip Hoodie in schwerer Qualit\u00e4t und French Terry. Rippb\u00fcndchen 2&#215;2 an den \u00c4rmeln und am unteren Rand. Kapuze mit Doppelnaht und Kordel. YKK Reissverschluss in silber Optik. Seitentaschen mit Reissverschluss. Material: 80% \u00f6kologische angebaute Baumwolle Fairtrade 20% recyceltes Polyester Farbe 955: 80% \u00f6kologische angebaute Baumwolle Fairtrade 14% recyceltes Polyester, 6% Viskose<\/p>","protected":false},"featured_media":495840,"template":"","meta":[],"product_brand":[],"product_cat":[4184],"product_tag":[],"class_list":{"0":"post-495789","1":"product","2":"type-product","3":"status-publish","4":"has-post-thumbnail","6":"product_cat-hoodies-pullover","7":"pa_brand-cottover","8":"pa_brand-type-sportswear","9":"pa_filter-color-blau","10":"pa_filter-color-grau","11":"pa_filter-color-schwarz","13":"first","14":"instock","15":"sale","16":"taxable","17":"shipping-taxable","18":"purchasable","19":"product-type-variable","20":"add-to-wishlist-before_image"},"exclude_global_add_ons":[],"addons":[],"acf":[],"_links":{"self":[{"href":"https:\/\/shop.kustom.ch\/en\/wp-json\/wp\/v2\/product\/495789"}],"collection":[{"href":"https:\/\/shop.kustom.ch\/en\/wp-json\/wp\/v2\/product"}],"about":[{"href":"https:\/\/shop.kustom.ch\/en\/wp-json\/wp\/v2\/types\/product"}],"wp:featuredmedia":[{"embeddable":true,"href":"https:\/\/shop.kustom.ch\/en\/wp-json\/wp\/v2\/media\/495840"}],"wp:attachment":[{"href":"https:\/\/shop.kustom.ch\/en\/wp-json\/wp\/v2\/media?parent=495789"}],"wp:term":[{"taxonomy":"product_brand","embeddable":true,"href":"https:\/\/shop.kustom.ch\/en\/wp-json\/wp\/v2\/product_brand?post=495789"},{"taxonomy":"product_cat","embeddable":true,"href":"https:\/\/shop.kustom.ch\/en\/wp-json\/wp\/v2\/product_cat?post=495789"},{"taxonomy":"product_tag","embeddable":true,"href":"https:\/\/shop.kustom.ch\/en\/wp-json\/wp\/v2\/product_tag?post=495789"}],"curies":[{"name":"wp","href":"https:\/\/api.w.org\/{rel}","templated":true}]}}