{"id":495722,"date":"2025-01-24T22:11:52","date_gmt":"2025-01-24T21:11:52","guid":{"rendered":"https:\/\/shop.kustom.ch\/?post_type=product&#038;p=495722"},"modified":"2026-03-31T10:19:10","modified_gmt":"2026-03-31T09:19:10","slug":"f-terry-crew-neck-man","status":"publish","type":"product","link":"https:\/\/shop.kustom.ch\/en\/product\/f-terry-crew-neck-man\/","title":{"rendered":"F. Terry Crew Neck Man"},"content":{"rendered":"<p>Classic jumper in heavy quality and French terry. 2\u00d72 ribbed cuffs at the neck, sleeve cuffs and waistband. Decorative overlock-style seams.<\/p>\n<p>Material: 80% organically grown Fairtrade cotton, 20% recycled polyester; 350g\/m\u00b2 ; Colour 955 : 80% organically grown Fairtrade cotton, 14% recycled polyester, 6% viscose<\/p>","protected":false},"excerpt":{"rendered":"<p>Klassischer Pullover in schwerer Qualit\u00e4t und French Terry. 2&#215;2 Rippenb\u00fcndchen am Hals, \u00c4rmelb\u00fcndchen und Bund. Dekorative N\u00e4hte im Overlock-Stil. Material: 80% \u00f6kologisch angebaute Baumwolle Fairtrade, 20% Recycling-Polyester; 350g\/m\u00b2 ; Farbe 955 : 80% \u00f6kologisch angebaute Baumwolle Fairtrade, 14% Recycling-Polyester, 6% Viskose<\/p>","protected":false},"featured_media":495768,"template":"","meta":[],"product_brand":[],"product_cat":[4191],"product_tag":[],"class_list":{"0":"post-495722","1":"product","2":"type-product","3":"status-publish","4":"has-post-thumbnail","6":"product_cat-longsleeves-sweatshirts","7":"pa_brand-cottover","8":"pa_brand-type-sportswear","9":"pa_filter-color-blau","10":"pa_filter-color-grau","11":"pa_filter-color-schwarz","13":"first","14":"instock","15":"sale","16":"taxable","17":"shipping-taxable","18":"purchasable","19":"product-type-variable","20":"add-to-wishlist-before_image"},"exclude_global_add_ons":[],"addons":[],"acf":[],"_links":{"self":[{"href":"https:\/\/shop.kustom.ch\/en\/wp-json\/wp\/v2\/product\/495722"}],"collection":[{"href":"https:\/\/shop.kustom.ch\/en\/wp-json\/wp\/v2\/product"}],"about":[{"href":"https:\/\/shop.kustom.ch\/en\/wp-json\/wp\/v2\/types\/product"}],"wp:featuredmedia":[{"embeddable":true,"href":"https:\/\/shop.kustom.ch\/en\/wp-json\/wp\/v2\/media\/495768"}],"wp:attachment":[{"href":"https:\/\/shop.kustom.ch\/en\/wp-json\/wp\/v2\/media?parent=495722"}],"wp:term":[{"taxonomy":"product_brand","embeddable":true,"href":"https:\/\/shop.kustom.ch\/en\/wp-json\/wp\/v2\/product_brand?post=495722"},{"taxonomy":"product_cat","embeddable":true,"href":"https:\/\/shop.kustom.ch\/en\/wp-json\/wp\/v2\/product_cat?post=495722"},{"taxonomy":"product_tag","embeddable":true,"href":"https:\/\/shop.kustom.ch\/en\/wp-json\/wp\/v2\/product_tag?post=495722"}],"curies":[{"name":"wp","href":"https:\/\/api.w.org\/{rel}","templated":true}]}}