{"id":495377,"date":"2025-01-24T22:10:03","date_gmt":"2025-01-24T21:10:03","guid":{"rendered":"https:\/\/shop.kustom.ch\/?post_type=product&#038;p=495377"},"modified":"2026-03-31T10:22:00","modified_gmt":"2026-03-31T09:22:00","slug":"crew-neck-lady","status":"publish","type":"product","link":"https:\/\/shop.kustom.ch\/en\/product\/crew-neck-lady\/","title":{"rendered":"Crew Neck Lady"},"content":{"rendered":"<p>Round-neck sweatshirt with a roughened inside, slightly thinner and with a more modern cut. Available in unisex sizes, women's sizes and children's sizes. Ribbed cuffs 2\u00d72 at the neck, slits on the sleeves and at the bottom. Tone-on-tone knitted decorative seams.<\/p>\n<p>Material: 80% organically grown Fairtrade cotton, 20% recycled polyester<\/p>","protected":false},"excerpt":{"rendered":"<p>Rundhals-Sweatshirt mit gerauter Innenseite, etwas d\u00fcnner und mit modernerem Schnitt. Erh\u00e4ltlich in Unisex Gr\u00f6ssen, Damengr\u00f6sse und Kindergr\u00f6sse. Rippb\u00fcndchen 2&#215;2 am Hals, Schlitze am \u00c4rmel und am unteren Rand. Gestrickte Ziern\u00e4hte Ton in Ton. Material: 80% \u00f6kologisch angebaute Baumwolle Fairtrade, 20% Recycling-Polyester<\/p>","protected":false},"featured_media":495428,"template":"","meta":[],"product_brand":[],"product_cat":[4191],"product_tag":[],"class_list":{"0":"post-495377","1":"product","2":"type-product","3":"status-publish","4":"has-post-thumbnail","6":"product_cat-longsleeves-sweatshirts","7":"pa_brand-cottover","8":"pa_brand-type-sportswear","9":"pa_filter-color-blau","10":"pa_filter-color-gelb","11":"pa_filter-color-grau","12":"pa_filter-color-gruen","13":"pa_filter-color-orange","14":"pa_filter-color-pink","15":"pa_filter-color-rot","16":"pa_filter-color-schwarz","17":"pa_filter-color-violet","18":"pa_filter-color-weiss","20":"first","21":"instock","22":"sale","23":"taxable","24":"shipping-taxable","25":"purchasable","26":"product-type-variable","27":"add-to-wishlist-before_image"},"exclude_global_add_ons":[],"addons":[],"acf":[],"_links":{"self":[{"href":"https:\/\/shop.kustom.ch\/en\/wp-json\/wp\/v2\/product\/495377"}],"collection":[{"href":"https:\/\/shop.kustom.ch\/en\/wp-json\/wp\/v2\/product"}],"about":[{"href":"https:\/\/shop.kustom.ch\/en\/wp-json\/wp\/v2\/types\/product"}],"wp:featuredmedia":[{"embeddable":true,"href":"https:\/\/shop.kustom.ch\/en\/wp-json\/wp\/v2\/media\/495428"}],"wp:attachment":[{"href":"https:\/\/shop.kustom.ch\/en\/wp-json\/wp\/v2\/media?parent=495377"}],"wp:term":[{"taxonomy":"product_brand","embeddable":true,"href":"https:\/\/shop.kustom.ch\/en\/wp-json\/wp\/v2\/product_brand?post=495377"},{"taxonomy":"product_cat","embeddable":true,"href":"https:\/\/shop.kustom.ch\/en\/wp-json\/wp\/v2\/product_cat?post=495377"},{"taxonomy":"product_tag","embeddable":true,"href":"https:\/\/shop.kustom.ch\/en\/wp-json\/wp\/v2\/product_tag?post=495377"}],"curies":[{"name":"wp","href":"https:\/\/api.w.org\/{rel}","templated":true}]}}