{"id":495371,"date":"2025-01-24T22:10:03","date_gmt":"2025-01-24T21:10:03","guid":{"rendered":"https:\/\/shop.kustom.ch\/?post_type=product&#038;p=495371"},"modified":"2026-03-31T10:16:03","modified_gmt":"2026-03-31T09:16:03","slug":"beanie","status":"publish","type":"product","link":"https:\/\/shop.kustom.ch\/en\/product\/beanie\/","title":{"rendered":"Beanie"},"content":{"rendered":"<p>Hat in unisex sizes. Made from high-quality cotton and<br \/>\nElastane elements for optimum use and fit. Tone-on-tone decorative stitching.<\/p>\n<p>Material: 96% organically grown Fairtrade cotton, 4% elastane<\/p>","protected":false},"excerpt":{"rendered":"<p>M\u00fctze in Unisex Gr\u00f6ssen. Hergestellt aus hochwertiger Baumwolle und Elasthan Elementen f\u00fcr beste Verwendung und Passform. Ziern\u00e4hte Ton in Ton. Material: 96% \u00f6kologisch angebaute Baumwolle Fairtrade, 4% Elasthan<\/p>","protected":false},"featured_media":495378,"template":"","meta":[],"product_brand":[],"product_cat":[4177,4209],"product_tag":[],"class_list":{"0":"post-495371","1":"product","2":"type-product","3":"status-publish","4":"has-post-thumbnail","6":"product_cat-caps-muetzen","7":"product_cat-zubehoer","8":"pa_brand-cottover","9":"pa_brand-type-sportswear","10":"pa_filter-color-blau","11":"pa_filter-color-gelb","12":"pa_filter-color-grau","13":"pa_filter-color-gruen","14":"pa_filter-color-orange","15":"pa_filter-color-pink","16":"pa_filter-color-rot","17":"pa_filter-color-schwarz","18":"pa_filter-color-violet","19":"pa_filter-color-weiss","21":"first","22":"instock","23":"sale","24":"taxable","25":"shipping-taxable","26":"purchasable","27":"product-type-variable","28":"add-to-wishlist-before_image"},"exclude_global_add_ons":[],"addons":[],"acf":[],"_links":{"self":[{"href":"https:\/\/shop.kustom.ch\/en\/wp-json\/wp\/v2\/product\/495371"}],"collection":[{"href":"https:\/\/shop.kustom.ch\/en\/wp-json\/wp\/v2\/product"}],"about":[{"href":"https:\/\/shop.kustom.ch\/en\/wp-json\/wp\/v2\/types\/product"}],"wp:featuredmedia":[{"embeddable":true,"href":"https:\/\/shop.kustom.ch\/en\/wp-json\/wp\/v2\/media\/495378"}],"wp:attachment":[{"href":"https:\/\/shop.kustom.ch\/en\/wp-json\/wp\/v2\/media?parent=495371"}],"wp:term":[{"taxonomy":"product_brand","embeddable":true,"href":"https:\/\/shop.kustom.ch\/en\/wp-json\/wp\/v2\/product_brand?post=495371"},{"taxonomy":"product_cat","embeddable":true,"href":"https:\/\/shop.kustom.ch\/en\/wp-json\/wp\/v2\/product_cat?post=495371"},{"taxonomy":"product_tag","embeddable":true,"href":"https:\/\/shop.kustom.ch\/en\/wp-json\/wp\/v2\/product_tag?post=495371"}],"curies":[{"name":"wp","href":"https:\/\/api.w.org\/{rel}","templated":true}]}}