{"id":495280,"date":"2025-01-24T01:06:55","date_gmt":"2025-01-24T00:06:55","guid":{"rendered":"https:\/\/shop.kustom.ch\/?post_type=product&#038;p=495280"},"modified":"2026-03-31T13:17:45","modified_gmt":"2026-03-31T12:17:45","slug":"willmar-junior","status":"publish","type":"product","link":"https:\/\/shop.kustom.ch\/en\/product\/willmar-junior\/","title":{"rendered":"Willmar Junior"},"content":{"rendered":"<p>Functional, reflective wind jacket with detachable, childproof hood. Honeycomb mesh lining in the hood and under the armpits for greater comfort and breathability. Two outer pockets with zip and two inner pockets. Contrasting tape on the hood, waistband and sleeves.<\/p>\n<p>Material: 100% polyester<\/p>","protected":false},"excerpt":{"rendered":"<p>Funktionelle, reflektierende Windjacke mit abnehmbarer, kindersicherer Kapuze. Waben-Mesh-Futter in der Kapuze und unter den Achseln f\u00fcr mehr Komfort und Atmungsaktivit\u00e4t. Zwei Aussentaschen mit Reissverschluss und zwei Innentaschen. Kontrastband an Kapuze, Bund und \u00c4rmeln. Material: 100% Polyester<\/p>","protected":false},"featured_media":495328,"template":"","meta":[],"product_brand":[],"product_cat":[4186],"product_tag":[],"class_list":{"0":"post-495280","1":"product","2":"type-product","3":"status-publish","4":"has-post-thumbnail","6":"product_cat-jacken","7":"pa_brand-clique","8":"pa_brand-type-sportswear","9":"pa_filter-color-grau","11":"first","12":"instock","13":"sale","14":"taxable","15":"shipping-taxable","16":"purchasable","17":"product-type-variable","18":"add-to-wishlist-before_image"},"exclude_global_add_ons":[],"addons":[],"acf":[],"_links":{"self":[{"href":"https:\/\/shop.kustom.ch\/en\/wp-json\/wp\/v2\/product\/495280"}],"collection":[{"href":"https:\/\/shop.kustom.ch\/en\/wp-json\/wp\/v2\/product"}],"about":[{"href":"https:\/\/shop.kustom.ch\/en\/wp-json\/wp\/v2\/types\/product"}],"wp:featuredmedia":[{"embeddable":true,"href":"https:\/\/shop.kustom.ch\/en\/wp-json\/wp\/v2\/media\/495328"}],"wp:attachment":[{"href":"https:\/\/shop.kustom.ch\/en\/wp-json\/wp\/v2\/media?parent=495280"}],"wp:term":[{"taxonomy":"product_brand","embeddable":true,"href":"https:\/\/shop.kustom.ch\/en\/wp-json\/wp\/v2\/product_brand?post=495280"},{"taxonomy":"product_cat","embeddable":true,"href":"https:\/\/shop.kustom.ch\/en\/wp-json\/wp\/v2\/product_cat?post=495280"},{"taxonomy":"product_tag","embeddable":true,"href":"https:\/\/shop.kustom.ch\/en\/wp-json\/wp\/v2\/product_tag?post=495280"}],"curies":[{"name":"wp","href":"https:\/\/api.w.org\/{rel}","templated":true}]}}